{"id":5058,"date":"2026-02-05T16:00:09","date_gmt":"2026-02-05T14:00:09","guid":{"rendered":"https:\/\/centrus-soth.redzidigital.com\/residential-properties\/"},"modified":"2026-02-05T17:12:49","modified_gmt":"2026-02-05T15:12:49","slug":"konut-mulkleri","status":"publish","type":"page","link":"https:\/\/centrus-soth.redzidigital.com\/tr\/konut-mulkleri\/","title":{"rendered":"Konut m\u00fclkleri"},"content":{"rendered":"\n<p>A\u015fa\u011f\u0131da AB\u2019de alt\u0131n vize\/Letonya\u2019da oturma izni alma gerekliliklerini kar\u015f\u0131layan gayrimenkulleri bulabilir veya Letonya\u2019da listelenen t\u00fcm gayrimenkullerimizi g\u00f6r\u00fcnt\u00fclemek i\u00e7in Latvia Sotheby\u2019s International Realty ana sayfas\u0131n\u0131 ziyaret edebilirsiniz &#8211; <a href=\"https:\/\/latviasothebysrealty.com\/en\/properties\/?clear=true\" target=\"_blank\" rel=\"noopener\">BURAYA TIKLAYIN<\/a><\/p>\n","protected":false},"excerpt":{"rendered":"<p>A\u015fa\u011f\u0131da AB\u2019de alt\u0131n vize\/Letonya\u2019da oturma izni alma gerekliliklerini kar\u015f\u0131layan gayrimenkulleri bulabilir veya Letonya\u2019da listelenen t\u00fcm gayrimenkullerimizi g\u00f6r\u00fcnt\u00fclemek i\u00e7in Latvia Sotheby\u2019s [&hellip;]<\/p>\n","protected":false},"author":10,"featured_media":0,"parent":0,"menu_order":0,"comment_status":"closed","ping_status":"closed","template":"","meta":{"_acf_changed":false,"footnotes":""},"class_list":["post-5058","page","type-page","status-publish","hentry"],"acf":[],"_links":{"self":[{"href":"https:\/\/centrus-soth.redzidigital.com\/tr\/wp-json\/wp\/v2\/pages\/5058"}],"collection":[{"href":"https:\/\/centrus-soth.redzidigital.com\/tr\/wp-json\/wp\/v2\/pages"}],"about":[{"href":"https:\/\/centrus-soth.redzidigital.com\/tr\/wp-json\/wp\/v2\/types\/page"}],"author":[{"embeddable":true,"href":"https:\/\/centrus-soth.redzidigital.com\/tr\/wp-json\/wp\/v2\/users\/10"}],"replies":[{"embeddable":true,"href":"https:\/\/centrus-soth.redzidigital.com\/tr\/wp-json\/wp\/v2\/comments?post=5058"}],"version-history":[{"count":1,"href":"https:\/\/centrus-soth.redzidigital.com\/tr\/wp-json\/wp\/v2\/pages\/5058\/revisions"}],"predecessor-version":[{"id":5067,"href":"https:\/\/centrus-soth.redzidigital.com\/tr\/wp-json\/wp\/v2\/pages\/5058\/revisions\/5067"}],"wp:attachment":[{"href":"https:\/\/centrus-soth.redzidigital.com\/tr\/wp-json\/wp\/v2\/media?parent=5058"}],"curies":[{"name":"wp","href":"https:\/\/api.w.org\/{rel}","templated":true}]}}