{"id":5054,"date":"2026-02-05T16:00:23","date_gmt":"2026-02-05T14:00:23","guid":{"rendered":"https:\/\/centrus-soth.redzidigital.com\/commercial-and-investment-properties\/"},"modified":"2026-02-05T17:12:45","modified_gmt":"2026-02-05T15:12:45","slug":"ticari-ve-yatirim-amacli-gayrimenkuller","status":"publish","type":"page","link":"https:\/\/centrus-soth.redzidigital.com\/tr\/ticari-ve-yatirim-amacli-gayrimenkuller\/","title":{"rendered":"Ticari ve yat\u0131r\u0131m ama\u00e7l\u0131 gayrimenkuller"},"content":{"rendered":"\n<p>A\u015fa\u011f\u0131da AB\u2019de alt\u0131n vize\/Letonya\u2019da oturma izni alma gerekliliklerini kar\u015f\u0131layan gayrimenkulleri bulabilir veya Letonya\u2019da listelenen t\u00fcm gayrimenkullerimizi g\u00f6r\u00fcnt\u00fclemek i\u00e7in Latvia Sotheby\u2019s International Realty ana sayfas\u0131n\u0131 ziyaret edebilirsiniz &#8211; <a href=\"https:\/\/latviasothebysrealty.com\/en\/properties\/?clear=true\" target=\"_blank\" rel=\"noopener\">BURAYA TIKLAYIN<\/a><\/p>\n","protected":false},"excerpt":{"rendered":"<p>A\u015fa\u011f\u0131da AB\u2019de alt\u0131n vize\/Letonya\u2019da oturma izni alma gerekliliklerini kar\u015f\u0131layan gayrimenkulleri bulabilir veya Letonya\u2019da listelenen t\u00fcm gayrimenkullerimizi g\u00f6r\u00fcnt\u00fclemek i\u00e7in Latvia Sotheby\u2019s [&hellip;]<\/p>\n","protected":false},"author":10,"featured_media":0,"parent":0,"menu_order":0,"comment_status":"closed","ping_status":"closed","template":"","meta":{"_acf_changed":false,"footnotes":""},"class_list":["post-5054","page","type-page","status-publish","hentry"],"acf":[],"_links":{"self":[{"href":"https:\/\/centrus-soth.redzidigital.com\/tr\/wp-json\/wp\/v2\/pages\/5054"}],"collection":[{"href":"https:\/\/centrus-soth.redzidigital.com\/tr\/wp-json\/wp\/v2\/pages"}],"about":[{"href":"https:\/\/centrus-soth.redzidigital.com\/tr\/wp-json\/wp\/v2\/types\/page"}],"author":[{"embeddable":true,"href":"https:\/\/centrus-soth.redzidigital.com\/tr\/wp-json\/wp\/v2\/users\/10"}],"replies":[{"embeddable":true,"href":"https:\/\/centrus-soth.redzidigital.com\/tr\/wp-json\/wp\/v2\/comments?post=5054"}],"version-history":[{"count":1,"href":"https:\/\/centrus-soth.redzidigital.com\/tr\/wp-json\/wp\/v2\/pages\/5054\/revisions"}],"predecessor-version":[{"id":5066,"href":"https:\/\/centrus-soth.redzidigital.com\/tr\/wp-json\/wp\/v2\/pages\/5054\/revisions\/5066"}],"wp:attachment":[{"href":"https:\/\/centrus-soth.redzidigital.com\/tr\/wp-json\/wp\/v2\/media?parent=5054"}],"curies":[{"name":"wp","href":"https:\/\/api.w.org\/{rel}","templated":true}]}}