{"id":4493,"date":"2024-08-07T19:37:16","date_gmt":"2024-08-07T16:37:16","guid":{"rendered":"https:\/\/centrus-soth.redzidigital.com\/?page_id=4493"},"modified":"2025-03-18T17:26:33","modified_gmt":"2025-03-18T15:26:33","slug":"piyasa-bilgileri","status":"publish","type":"page","link":"https:\/\/centrus-soth.redzidigital.com\/tr\/piyasa-bilgileri\/","title":{"rendered":"P\u0130YASA B\u0130LG\u0130LER\u0130"},"content":{"rendered":"\n<p class=\"has-text-align-center\">Letonya&#8217;daki gayrimenkul piyasas\u0131 son birka\u00e7 y\u0131ld\u0131r dinamik de\u011fi\u015fimler ya\u015f\u0131yor. A\u015fa\u011f\u0131da, mevcut en son verilere g\u00f6re Letonya gayrimenkul piyasas\u0131yla ilgili baz\u0131 temel istatistikler ve e\u011filimler yer almaktad\u0131r.<\/p>\n\n\n\n<div class=\"wp-block-media-text is-stacked-on-mobile\"><figure class=\"wp-block-media-text__media\"><img decoding=\"async\" width=\"1366\" height=\"767\" src=\"https:\/\/centrus-soth.redzidigital.com\/wp-content\/uploads\/2024\/08\/msjp-1.jpg\" alt=\"\" class=\"wp-image-1233 size-full\" title=\"\" srcset=\"https:\/\/centrus-soth.redzidigital.com\/wp-content\/uploads\/2024\/08\/msjp-1.jpg 1366w, https:\/\/centrus-soth.redzidigital.com\/wp-content\/uploads\/2024\/08\/msjp-1-960x539.jpg 960w, https:\/\/centrus-soth.redzidigital.com\/wp-content\/uploads\/2024\/08\/msjp-1-768x431.jpg 768w, https:\/\/centrus-soth.redzidigital.com\/wp-content\/uploads\/2024\/08\/msjp-1-480x270.jpg 480w, https:\/\/centrus-soth.redzidigital.com\/wp-content\/uploads\/2024\/08\/msjp-1-640x359.jpg 640w, https:\/\/centrus-soth.redzidigital.com\/wp-content\/uploads\/2024\/08\/msjp-1-720x404.jpg 720w, https:\/\/centrus-soth.redzidigital.com\/wp-content\/uploads\/2024\/08\/msjp-1-1168x656.jpg 1168w\" sizes=\"(max-width: 1366px) 100vw, 1366px\" \/><\/figure><div class=\"wp-block-media-text__content\">\n<h2 class=\"wp-block-heading has-medium-font-size\">Letonya, Avrupa Birli\u011fi&#8217;nde konut fiyatlar\u0131n\u0131n art\u0131\u015f\u0131nda uzun vadeli liderlerden biri konumundad\u0131r.<\/h2>\n\n\n\n<p>2010 y\u0131l\u0131ndan 2023 y\u0131l\u0131n\u0131n \u00fc\u00e7\u00fcnc\u00fc \u00e7eyre\u011fine kadar konut fiyatlar\u0131 %48, kiralar ise %22 artt\u0131 (Kaynak: Eurostat).<\/p>\n<\/div><\/div>\n\n\n\n<div class=\"wp-block-media-text is-stacked-on-mobile\"><figure class=\"wp-block-media-text__media\"><img decoding=\"async\" width=\"1440\" height=\"960\" src=\"https:\/\/centrus-soth.redzidigital.com\/wp-content\/uploads\/2024\/08\/janisbildedrons-2-of-26.jpg\" alt=\"\" class=\"wp-image-1241 size-full\" title=\"\" srcset=\"https:\/\/centrus-soth.redzidigital.com\/wp-content\/uploads\/2024\/08\/janisbildedrons-2-of-26.jpg 1440w, https:\/\/centrus-soth.redzidigital.com\/wp-content\/uploads\/2024\/08\/janisbildedrons-2-of-26-960x640.jpg 960w, https:\/\/centrus-soth.redzidigital.com\/wp-content\/uploads\/2024\/08\/janisbildedrons-2-of-26-768x512.jpg 768w, https:\/\/centrus-soth.redzidigital.com\/wp-content\/uploads\/2024\/08\/janisbildedrons-2-of-26-480x320.jpg 480w, https:\/\/centrus-soth.redzidigital.com\/wp-content\/uploads\/2024\/08\/janisbildedrons-2-of-26-640x427.jpg 640w, https:\/\/centrus-soth.redzidigital.com\/wp-content\/uploads\/2024\/08\/janisbildedrons-2-of-26-720x480.jpg 720w, https:\/\/centrus-soth.redzidigital.com\/wp-content\/uploads\/2024\/08\/janisbildedrons-2-of-26-1168x779.jpg 1168w\" sizes=\"(max-width: 1440px) 100vw, 1440px\" \/><\/figure><div class=\"wp-block-media-text__content\">\n<p class=\"has-medium-font-size\"><strong>F\u0130YAT E\u011e\u0130L\u0130MLER\u0130<\/strong><\/p>\n\n\n\n<ul class=\"wp-block-list\">\n<li><strong>Riga:<\/strong> Ba\u015fkent olarak Riga&#8217;n\u0131n gayrimenkul piyasas\u0131 genellikle en y\u00fcksek aktivite ve fiyat seviyelerini g\u00f6sterir. Riga&#8217;daki dairelerin metrekare ba\u015f\u0131na ortalama fiyat\u0131 istikrarl\u0131 bir art\u0131\u015f g\u00f6sterdi, merkezi b\u00f6lgelerdeki ve yeni projelerdeki fiyatlar genellikle \u00f6nemli \u00f6l\u00e7\u00fcde daha y\u00fcksekti.<\/li>\n\n\n\n<li><strong>Di\u011fer \u015eehirler<\/strong>: Riga d\u0131\u015f\u0131nda, Jurmala, Liepaja ve Daugavpils gibi \u015fehirlerde daha uygun fiyatl\u0131 gayrimenkul piyasalar\u0131 var, ancak bunlar da \u00f6zellikle yeni geli\u015fmelerin veya \u00f6nemli altyap\u0131 iyile\u015ftirmelerinin oldu\u011fu b\u00f6lgelerde yukar\u0131 y\u00f6nl\u00fc fiyat art\u0131\u015flar\u0131na \u015fahitlik edebiliyor.<\/li>\n<\/ul>\n<\/div><\/div>\n\n\n\n<figure class=\"wp-block-image size-large\"><img decoding=\"async\" width=\"1920\" height=\"869\" src=\"https:\/\/centrus-soth.redzidigital.com\/wp-content\/uploads\/2024\/09\/Screenshot-2024-09-10-at-10.16.48-1920x869.png\" alt=\"\" class=\"wp-image-1982\" title=\"\" srcset=\"https:\/\/centrus-soth.redzidigital.com\/wp-content\/uploads\/2024\/09\/Screenshot-2024-09-10-at-10.16.48-1920x869.png 1920w, https:\/\/centrus-soth.redzidigital.com\/wp-content\/uploads\/2024\/09\/Screenshot-2024-09-10-at-10.16.48-960x434.png 960w, https:\/\/centrus-soth.redzidigital.com\/wp-content\/uploads\/2024\/09\/Screenshot-2024-09-10-at-10.16.48-768x348.png 768w, https:\/\/centrus-soth.redzidigital.com\/wp-content\/uploads\/2024\/09\/Screenshot-2024-09-10-at-10.16.48-1536x695.png 1536w, https:\/\/centrus-soth.redzidigital.com\/wp-content\/uploads\/2024\/09\/Screenshot-2024-09-10-at-10.16.48-2048x927.png 2048w, https:\/\/centrus-soth.redzidigital.com\/wp-content\/uploads\/2024\/09\/Screenshot-2024-09-10-at-10.16.48-480x217.png 480w, https:\/\/centrus-soth.redzidigital.com\/wp-content\/uploads\/2024\/09\/Screenshot-2024-09-10-at-10.16.48-640x290.png 640w, https:\/\/centrus-soth.redzidigital.com\/wp-content\/uploads\/2024\/09\/Screenshot-2024-09-10-at-10.16.48-720x326.png 720w, https:\/\/centrus-soth.redzidigital.com\/wp-content\/uploads\/2024\/09\/Screenshot-2024-09-10-at-10.16.48-1168x529.png 1168w, https:\/\/centrus-soth.redzidigital.com\/wp-content\/uploads\/2024\/09\/Screenshot-2024-09-10-at-10.16.48-1440x652.png 1440w\" sizes=\"(max-width: 1920px) 100vw, 1920px\" \/><\/figure>\n\n\n\n<p><em>Letonya, www.globalpropertyguide.com&#8217;a g\u00f6re Avrupa&#8217;da Kira getirisi a\u00e7\u0131s\u0131ndan 2. s\u0131rada yer al\u0131yor<\/em><\/p>\n\n\n\n<div class=\"wp-block-media-text has-media-on-the-right is-stacked-on-mobile\"><div class=\"wp-block-media-text__content\">\n<p class=\"has-medium-font-size\"><strong>P\u0130YASA FAAL\u0130YET\u0130<\/strong><\/p>\n\n\n\n<ul class=\"wp-block-list\">\n<li><strong>\u0130\u015flemler: <\/strong>Konut m\u00fclklerine olan g\u00fc\u00e7l\u00fc talebi yans\u0131t\u0131rcas\u0131na emlak i\u015flemlerinin say\u0131s\u0131 art\u0131yor. Buna hem yeni dairelerin sat\u0131n al\u0131nmas\u0131 hem de mevcut olanlar\u0131n yeniden sat\u0131\u015f\u0131 dahildir.<\/li>\n\n\n\n<li><strong>Yeni Geli\u015fmeler:<\/strong> \u00d6zellikle Riga ve di\u011fer b\u00fcy\u00fck \u015fehirlerde, hem yerel al\u0131c\u0131lara hem de yabanc\u0131 yat\u0131r\u0131mc\u0131lara hitap eden yeni konut projelerinin in\u015fas\u0131nda \u00f6nemli bir art\u0131\u015f oldu.<\/li>\n<\/ul>\n<\/div><figure class=\"wp-block-media-text__media\"><img decoding=\"async\" width=\"950\" height=\"634\" src=\"https:\/\/centrus-soth.redzidigital.com\/wp-content\/uploads\/2024\/08\/janissalmanis-48-of-48.jpg\" alt=\"\" class=\"wp-image-1242 size-full\" title=\"\" srcset=\"https:\/\/centrus-soth.redzidigital.com\/wp-content\/uploads\/2024\/08\/janissalmanis-48-of-48.jpg 950w, https:\/\/centrus-soth.redzidigital.com\/wp-content\/uploads\/2024\/08\/janissalmanis-48-of-48-768x513.jpg 768w, https:\/\/centrus-soth.redzidigital.com\/wp-content\/uploads\/2024\/08\/janissalmanis-48-of-48-480x320.jpg 480w, https:\/\/centrus-soth.redzidigital.com\/wp-content\/uploads\/2024\/08\/janissalmanis-48-of-48-640x427.jpg 640w, https:\/\/centrus-soth.redzidigital.com\/wp-content\/uploads\/2024\/08\/janissalmanis-48-of-48-720x481.jpg 720w\" sizes=\"(max-width: 950px) 100vw, 950px\" \/><\/figure><\/div>\n\n\n\n<div class=\"wp-block-media-text is-stacked-on-mobile\"><figure class=\"wp-block-media-text__media\"><img decoding=\"async\" width=\"1194\" height=\"796\" src=\"https:\/\/centrus-soth.redzidigital.com\/wp-content\/uploads\/2024\/08\/d4vn.jpg\" alt=\"\" class=\"wp-image-889 size-full\" title=\"\" srcset=\"https:\/\/centrus-soth.redzidigital.com\/wp-content\/uploads\/2024\/08\/d4vn.jpg 1194w, https:\/\/centrus-soth.redzidigital.com\/wp-content\/uploads\/2024\/08\/d4vn-960x640.jpg 960w, https:\/\/centrus-soth.redzidigital.com\/wp-content\/uploads\/2024\/08\/d4vn-768x512.jpg 768w, https:\/\/centrus-soth.redzidigital.com\/wp-content\/uploads\/2024\/08\/d4vn-480x320.jpg 480w, https:\/\/centrus-soth.redzidigital.com\/wp-content\/uploads\/2024\/08\/d4vn-640x427.jpg 640w, https:\/\/centrus-soth.redzidigital.com\/wp-content\/uploads\/2024\/08\/d4vn-720x480.jpg 720w, https:\/\/centrus-soth.redzidigital.com\/wp-content\/uploads\/2024\/08\/d4vn-1168x779.jpg 1168w\" sizes=\"(max-width: 1194px) 100vw, 1194px\" \/><\/figure><div class=\"wp-block-media-text__content\">\n<p class=\"has-medium-font-size\"><strong>T\u0130CAR\u0130 FAAL\u0130YET<\/strong><\/p>\n\n\n\n<ul class=\"wp-block-list\">\n<li><strong>B\u00fcy\u00fcme:<\/strong> Letonya\u2019n\u0131n stratejik konumu ve e-ticaretin geni\u015flemesine ba\u011fl\u0131 olarak sanayi ve lojistik gayrimenkul sekt\u00f6rlerinde \u00f6nemli bir b\u00fcy\u00fcme var. \u00d6zellikle b\u00fcy\u00fck ula\u015f\u0131m merkezleri civar\u0131nda, modern depo ve lojistik merkezlere talep belirgin d\u00fczeyde.<\/li>\n\n\n\n<li><strong>Geli\u015ftirme: <\/strong>\u00d6zellikle Riga ve \u00f6nemli ula\u015f\u0131m rotalar\u0131 \u00e7evresinde yeni sanayi siteleri ve lojistik tesisler geli\u015ftiriliyor.<\/li>\n<\/ul>\n<\/div><\/div>\n\n\n\n<div class=\"wp-block-media-text has-media-on-the-right is-stacked-on-mobile\"><div class=\"wp-block-media-text__content\">\n<p><strong>YABANCI YATIRIM<\/strong><\/p>\n\n\n\n<p><strong>Yat\u0131r\u0131mc\u0131 \u0130lgisi: <\/strong>Letonya, \u00f6zellikle konut piyasas\u0131nda yabanc\u0131 yat\u0131r\u0131mc\u0131lar\u0131 \u00e7ekmeye devam ediyor. Riga, yat\u0131r\u0131m ama\u00e7l\u0131 gayrimenkul, ikinci ev veya kiral\u0131k gayrimenkul arayan yabanc\u0131 al\u0131c\u0131lar i\u00e7in pop\u00fcler bir opsiyondur.<\/p>\n\n\n\n<p><strong>Yat\u0131r\u0131m Trendleri:<\/strong> Yabanc\u0131 yat\u0131r\u0131m ticari gayrimenkul sekt\u00f6r\u00fcnde de g\u00f6r\u00fclm\u00fc\u015ft\u00fcr, \u00f6zellikle ofis binalar\u0131 ve birinci s\u0131n\u0131f lokasyonlardaki perakende sahalar\u0131nda.<\/p>\n<\/div><figure class=\"wp-block-media-text__media\"><img decoding=\"async\" width=\"1920\" height=\"1280\" src=\"https:\/\/centrus-soth.redzidigital.com\/wp-content\/uploads\/2024\/08\/ML-STUDIO_22-1920x1280.jpg\" alt=\"\" class=\"wp-image-1244 size-full\" title=\"\" srcset=\"https:\/\/centrus-soth.redzidigital.com\/wp-content\/uploads\/2024\/08\/ML-STUDIO_22-1920x1280.jpg 1920w, https:\/\/centrus-soth.redzidigital.com\/wp-content\/uploads\/2024\/08\/ML-STUDIO_22-960x640.jpg 960w, https:\/\/centrus-soth.redzidigital.com\/wp-content\/uploads\/2024\/08\/ML-STUDIO_22-768x512.jpg 768w, https:\/\/centrus-soth.redzidigital.com\/wp-content\/uploads\/2024\/08\/ML-STUDIO_22-1536x1024.jpg 1536w, https:\/\/centrus-soth.redzidigital.com\/wp-content\/uploads\/2024\/08\/ML-STUDIO_22-2048x1365.jpg 2048w, https:\/\/centrus-soth.redzidigital.com\/wp-content\/uploads\/2024\/08\/ML-STUDIO_22-480x320.jpg 480w, https:\/\/centrus-soth.redzidigital.com\/wp-content\/uploads\/2024\/08\/ML-STUDIO_22-640x427.jpg 640w, https:\/\/centrus-soth.redzidigital.com\/wp-content\/uploads\/2024\/08\/ML-STUDIO_22-720x480.jpg 720w, https:\/\/centrus-soth.redzidigital.com\/wp-content\/uploads\/2024\/08\/ML-STUDIO_22-1168x779.jpg 1168w, https:\/\/centrus-soth.redzidigital.com\/wp-content\/uploads\/2024\/08\/ML-STUDIO_22-1440x960.jpg 1440w\" sizes=\"(max-width: 1920px) 100vw, 1920px\" \/><\/figure><\/div>\n\n\n\n<div class=\"wp-block-media-text is-stacked-on-mobile\"><figure class=\"wp-block-media-text__media\"><img decoding=\"async\" width=\"950\" height=\"634\" src=\"https:\/\/centrus-soth.redzidigital.com\/wp-content\/uploads\/2024\/08\/janissalmanis-2-of-48.jpg\" alt=\"\" class=\"wp-image-1243 size-full\" title=\"\" srcset=\"https:\/\/centrus-soth.redzidigital.com\/wp-content\/uploads\/2024\/08\/janissalmanis-2-of-48.jpg 950w, https:\/\/centrus-soth.redzidigital.com\/wp-content\/uploads\/2024\/08\/janissalmanis-2-of-48-768x513.jpg 768w, https:\/\/centrus-soth.redzidigital.com\/wp-content\/uploads\/2024\/08\/janissalmanis-2-of-48-480x320.jpg 480w, https:\/\/centrus-soth.redzidigital.com\/wp-content\/uploads\/2024\/08\/janissalmanis-2-of-48-640x427.jpg 640w, https:\/\/centrus-soth.redzidigital.com\/wp-content\/uploads\/2024\/08\/janissalmanis-2-of-48-720x481.jpg 720w\" sizes=\"(max-width: 950px) 100vw, 950px\" \/><\/figure><div class=\"wp-block-media-text__content\">\n<h3 class=\"wp-block-heading\"><\/h3>\n\n\n\n<p><strong>KONUT GAYR\u0130MENKUL F\u0130YATLARI<\/strong><\/p>\n\n\n\n<ul class=\"wp-block-list\">\n<li>Riga Merkez B\u00f6lgesi: metrekare ba\u015f\u0131na 2.000-3.500 \u20ac.<\/li>\n\n\n\n<li>Riga Banliy\u00f6leri: metrekare ba\u015f\u0131na 1.200-2.000 \u20ac.<\/li>\n\n\n\n<li>Di\u011fer \u015eehirler: metrekare ba\u015f\u0131na 500-1.500 \u20ac.<\/li>\n<\/ul>\n\n\n\n<p><strong>K\u0130RA GET\u0130R\u0130LER\u0130<\/strong><\/p>\n\n\n\n<ul class=\"wp-block-list\">\n<li>Riga\u2019daki ortalama kira getirileri, konuma ve m\u00fclk t\u00fcr\u00fcne ba\u011fl\u0131 olarak %5 ila %7 aras\u0131nda de\u011fi\u015fmektedir.<\/li>\n<\/ul>\n\n\n\n<p><strong>PAZAR D\u0130NAM\u0130KLER\u0130<\/strong><\/p>\n\n\n\n<ul class=\"wp-block-list\">\n<li>Konut emlak piyasas\u0131, son y\u0131llarda y\u0131ll\u0131k %5-10 b\u00fcy\u00fcme oran\u0131yla istikrarl\u0131 bir fiyat art\u0131\u015f\u0131 g\u00f6rd\u00fc.<\/li>\n\n\n\n<li>\u0130n\u015fa edilen yeni konut birimlerinin say\u0131s\u0131 art\u0131yor ve geli\u015fme a\u015famas\u0131nda birka\u00e7 b\u00fcy\u00fck \u00f6l\u00e7ekli proje var.<\/li>\n<\/ul>\n<\/div><\/div>\n\n\n\n<h3 class=\"wp-block-heading has-medium-font-size\"><em>KAYNAKLAR<\/em><\/h3>\n\n\n\n<p>En g\u00fcncel ve ayr\u0131nt\u0131l\u0131 istatistikler i\u00e7in a\u015fa\u011f\u0131daki gibi kaynaklara g\u00f6z atabilirsiniz:<\/p>\n\n\n\n<ul class=\"wp-block-list\">\n<li><em><strong>Letonya Merkez \u0130statistik B\u00fcrosu (CSB):<\/strong> Emlak piyasas\u0131n\u0131n \u00e7e\u015fitli y\u00f6nleri hakk\u0131nda kapsaml\u0131 veriler sa\u011flar.<\/em><\/li>\n\n\n\n<li><em><strong>Letonya Emlak Bayileri Derne\u011fi (LANIDA):<\/strong> Piyasayla ilgili yorumlar ve raporlar sunar.<\/em><\/li>\n\n\n\n<li><em><strong>Letonya Yat\u0131r\u0131m ve Kalk\u0131nma Ajans\u0131 (LIAA):<\/strong> Yabanc\u0131 yat\u0131r\u0131m e\u011filimleri ve f\u0131rsatlar\u0131 hakk\u0131nda bilgi sa\u011flar.<\/em><\/li>\n<\/ul>\n\n\n\n<p>Yat\u0131r\u0131mc\u0131lar bu kaynaklar\u0131 izleyerek Letonya emlak piyasas\u0131n\u0131n mevcut e\u011filimleri ve gelece\u011fiyle ilgili beklentiler konusunda daha iyi bilgi sahibi olabilirler.<\/p>\n","protected":false},"excerpt":{"rendered":"<p>Letonya&#8217;daki gayrimenkul piyasas\u0131 son birka\u00e7 y\u0131ld\u0131r dinamik de\u011fi\u015fimler ya\u015f\u0131yor. A\u015fa\u011f\u0131da, mevcut en son verilere g\u00f6re Letonya gayrimenkul piyasas\u0131yla ilgili baz\u0131 [&hellip;]<\/p>\n","protected":false},"author":9,"featured_media":2583,"parent":0,"menu_order":0,"comment_status":"closed","ping_status":"closed","template":"","meta":{"_acf_changed":false,"footnotes":""},"class_list":["post-4493","page","type-page","status-publish","has-post-thumbnail","hentry"],"acf":[],"_links":{"self":[{"href":"https:\/\/centrus-soth.redzidigital.com\/tr\/wp-json\/wp\/v2\/pages\/4493"}],"collection":[{"href":"https:\/\/centrus-soth.redzidigital.com\/tr\/wp-json\/wp\/v2\/pages"}],"about":[{"href":"https:\/\/centrus-soth.redzidigital.com\/tr\/wp-json\/wp\/v2\/types\/page"}],"author":[{"embeddable":true,"href":"https:\/\/centrus-soth.redzidigital.com\/tr\/wp-json\/wp\/v2\/users\/9"}],"replies":[{"embeddable":true,"href":"https:\/\/centrus-soth.redzidigital.com\/tr\/wp-json\/wp\/v2\/comments?post=4493"}],"version-history":[{"count":1,"href":"https:\/\/centrus-soth.redzidigital.com\/tr\/wp-json\/wp\/v2\/pages\/4493\/revisions"}],"predecessor-version":[{"id":4494,"href":"https:\/\/centrus-soth.redzidigital.com\/tr\/wp-json\/wp\/v2\/pages\/4493\/revisions\/4494"}],"wp:featuredmedia":[{"embeddable":true,"href":"https:\/\/centrus-soth.redzidigital.com\/tr\/wp-json\/wp\/v2\/media\/2583"}],"wp:attachment":[{"href":"https:\/\/centrus-soth.redzidigital.com\/tr\/wp-json\/wp\/v2\/media?parent=4493"}],"curies":[{"name":"wp","href":"https:\/\/api.w.org\/{rel}","templated":true}]}}