{"id":4433,"date":"2023-10-13T17:27:32","date_gmt":"2023-10-13T14:27:32","guid":{"rendered":"https:\/\/centrus-soth.redzidigital.com\/?page_id=4433"},"modified":"2025-03-18T16:53:31","modified_gmt":"2025-03-18T14:53:31","slug":"letonya-hakkinda","status":"publish","type":"page","link":"https:\/\/centrus-soth.redzidigital.com\/tr\/letonya-hakkinda\/","title":{"rendered":"LETONYA HAKKINDA"},"content":{"rendered":"\n<div class=\"wp-block-columns is-layout-flex wp-container-core-columns-is-layout-1 wp-block-columns-is-layout-flex\">\n<div class=\"wp-block-column is-layout-flow wp-block-column-is-layout-flow\">\n<div class=\"wp-block-buttons is-content-justification-center is-layout-flex wp-container-core-buttons-is-layout-1 wp-block-buttons-is-layout-flex\">\n<div class=\"wp-block-button\"><a class=\"wp-block-button__link has-background wp-element-button\" href=\"https:\/\/centrus-soth.redzidigital.com\/why-invest-in-latvia\/\" style=\"border-radius:0px;background-color:#002349\">NEDEN LETONYA&#8217;YA YATIRIM YAPILMALI<\/a><\/div>\n<\/div>\n<\/div>\n\n\n\n<div class=\"wp-block-column is-layout-flow wp-block-column-is-layout-flow\">\n<div class=\"wp-block-buttons is-content-justification-center is-layout-flex wp-container-core-buttons-is-layout-2 wp-block-buttons-is-layout-flex\">\n<div class=\"wp-block-button\"><a class=\"wp-block-button__link has-background wp-element-button\" href=\"https:\/\/centrus-soth.redzidigital.com\/information-on-market\/\" style=\"border-radius:0px;background-color:#002349\">P\u0130YASA B\u0130LG\u0130LER\u0130<\/a><\/div>\n<\/div>\n<\/div>\n<\/div>\n\n\n\n<div class=\"wp-block-columns is-layout-flex wp-container-core-columns-is-layout-2 wp-block-columns-is-layout-flex\">\n<div class=\"wp-block-column is-vertically-aligned-center is-layout-flow wp-block-column-is-layout-flow\">\n<p>Resmi olarak Letonya Cumhuriyeti olarak bilinen \u00fclkemiz Kuzey Avrupa\u2019n\u0131n Balt\u0131k b\u00f6lgesinde yer alan sakl\u0131 bir hazinedir. D\u00fcnyan\u0131n en ye\u015fil ikinci \u00fclkesidir, do\u011fal g\u00fczelli\u011fiyle bilinir, topraklar\u0131n\u0131n yar\u0131s\u0131ndan fazlas\u0131 yemye\u015fil ormanlarla kapl\u0131d\u0131r ve \u00e7ok say\u0131da pitoresk plajlarla dolu bir k\u0131y\u0131 \u015feridi vard\u0131r.<\/p>\n\n\n\n<p><strong>Letonya, AB ve NATO\u2019ya \u00fcye \u00fclkelerdendir.<\/strong><\/p>\n\n\n\n<p><strong>Konum:<\/strong> Kuzeyinde Estonya, g\u00fcneyinde Litvanya, do\u011fusunda Rusya, g\u00fcneydo\u011fusunda Belarus ve bat\u0131s\u0131nda Balt\u0131k Denizi ile \u00e7evrili olan bir Kuzey Avrupa Balt\u0131k \u00fclkesidir.<\/p>\n\n\n\n<p><strong>Ba\u015fkent:<\/strong> Ayn\u0131 zamanda en b\u00fcy\u00fck \u015fehri olan Riga.<\/p>\n\n\n\n<p><strong>\u0130klim:<\/strong> S\u0131cak yazlar ve karl\u0131 k\u0131\u015flar ile 4 mevsim.<\/p>\n<\/div>\n\n\n\n<div class=\"wp-block-column is-layout-flow wp-block-column-is-layout-flow\">\n<figure class=\"wp-block-embed aligncenter is-type-video is-provider-youtube wp-block-embed-youtube wp-embed-aspect-16-9 wp-has-aspect-ratio\"><div class=\"wp-block-embed__wrapper\">\n<iframe loading=\"lazy\" title=\"Latvia Travel\" width=\"500\" height=\"281\" src=\"https:\/\/www.youtube.com\/embed\/vHjWv_p0ays?feature=oembed\" frameborder=\"0\" allow=\"accelerometer; autoplay; clipboard-write; encrypted-media; gyroscope; picture-in-picture; web-share\" referrerpolicy=\"strict-origin-when-cross-origin\" allowfullscreen><\/iframe>\n<\/div><\/figure>\n<\/div>\n<\/div>\n\n\n\n<p><\/p>\n\n\n\n<div class=\"wp-block-group alignfull is-content-justification-center\" style=\"margin-top:0;margin-bottom:0\"><div class=\"wp-block-group__inner-container is-layout-constrained wp-block-group-is-layout-constrained\">\n<div style=\"height:var(--wp--preset--spacing--20)\" aria-hidden=\"true\" class=\"wp-block-spacer\"><\/div>\n<\/div><\/div>\n\n\n\n<div class=\"wp-block-media-text is-stacked-on-mobile\"><figure class=\"wp-block-media-text__media\"><img decoding=\"async\" width=\"1550\" height=\"1776\" src=\"https:\/\/centrus-soth.redzidigital.com\/wp-content\/uploads\/2024\/08\/Page-006.png\" alt=\"\" class=\"wp-image-1148 size-full\" title=\"\" srcset=\"https:\/\/centrus-soth.redzidigital.com\/wp-content\/uploads\/2024\/08\/Page-006.png 1550w, https:\/\/centrus-soth.redzidigital.com\/wp-content\/uploads\/2024\/08\/Page-006-838x960.png 838w, https:\/\/centrus-soth.redzidigital.com\/wp-content\/uploads\/2024\/08\/Page-006-768x880.png 768w, https:\/\/centrus-soth.redzidigital.com\/wp-content\/uploads\/2024\/08\/Page-006-1341x1536.png 1341w, https:\/\/centrus-soth.redzidigital.com\/wp-content\/uploads\/2024\/08\/Page-006-480x550.png 480w, https:\/\/centrus-soth.redzidigital.com\/wp-content\/uploads\/2024\/08\/Page-006-640x733.png 640w, https:\/\/centrus-soth.redzidigital.com\/wp-content\/uploads\/2024\/08\/Page-006-720x825.png 720w, https:\/\/centrus-soth.redzidigital.com\/wp-content\/uploads\/2024\/08\/Page-006-960x1100.png 960w, https:\/\/centrus-soth.redzidigital.com\/wp-content\/uploads\/2024\/08\/Page-006-1168x1338.png 1168w, https:\/\/centrus-soth.redzidigital.com\/wp-content\/uploads\/2024\/08\/Page-006-1440x1650.png 1440w\" sizes=\"(max-width: 1550px) 100vw, 1550px\" \/><\/figure><div class=\"wp-block-media-text__content\">\n<p>Riga havaliman\u0131 (RIX), yaz sezonunda Letonya\u2019n\u0131n ba\u015fkentinden <strong>100\u2019den fazla direkt<\/strong> var\u0131\u015f noktas\u0131 sunmaktad\u0131r. \u015eu anda, \u00fc\u00e7 Balt\u0131k ba\u015fkentini Avrupa\u2019daki y\u00fcksek h\u0131zl\u0131 demir yolu a\u011flar\u0131na ba\u011flayan y\u00fcksek h\u0131zl\u0131 bir ba\u011flant\u0131 olan Rail Baltica \u00fczerindeki stratejik konumu sayesinde yeni nesil bir hava-demir yolu merkezine d\u00f6n\u00fc\u015ft\u00fcr\u00fclmektedir.<\/p>\n\n\n\n<p class=\"has-text-align-center\"><strong><mark style=\"background-color:rgba(0, 0, 0, 0)\" class=\"has-inline-color has-black-color\">Letonya, AB pazar\u0131na eri\u015fim, stratejik co\u011frafi konum, elveri\u015fli bir i\u015f ortam\u0131 ve yetenekli bir i\u015f g\u00fcc\u00fc dahil olmak \u00fczere \u00e7ok say\u0131da avantajlar sunmaktad\u0131r.<\/mark><\/strong><\/p>\n<\/div><\/div>\n\n\n\n<div class=\"wp-block-columns is-layout-flex wp-container-core-columns-is-layout-3 wp-block-columns-is-layout-flex\">\n<div class=\"wp-block-column is-layout-flow wp-block-column-is-layout-flow\">\n<p class=\"has-text-align-center\"><strong>H\u0131zl\u0131 bilgiler<\/strong><\/p>\n\n\n\n<p class=\"has-text-align-left\"><strong>Uluslararas\u0131 \u00dcyelikler:<\/strong> 2004\u2019ten beri AB ve NATO, 1998\u2019den beri DT\u00d6, 2016\u2019dan beri OECD<\/p>\n\n\n\n<p class=\"has-text-align-left\"><strong>Ba\u015fkent:<\/strong> Riga<\/p>\n\n\n\n<p class=\"has-text-align-left\"><strong>Di\u011fer b\u00fcy\u00fck \u015fehirler:<\/strong> Daugavpils, Liepaja, Jelgava, Jurmala, Ventspils, Valmiera<\/p>\n\n\n\n<p class=\"has-text-align-left\"><strong>N\u00fcfus:<\/strong> 1,9 milyon<\/p>\n\n\n\n<p class=\"has-text-align-left\"><strong>Dil: <\/strong>Letonca (resmi), \u0130ngilizce, Rus\u00e7a, Almanca<\/p>\n\n\n\n<p class=\"has-text-align-left\"><strong>Alan:<\/strong> 64 594 km2<\/p>\n\n\n\n<p class=\"has-text-align-left\"><strong>Siyasi sistem:<\/strong> Cumhuriyet, parlamenter demokrasi<\/p>\n\n\n\n<p class=\"has-text-align-left\"><strong>Hukuk sistemi: <\/strong>medeni hukuka dayal\u0131<\/p>\n\n\n\n<p class=\"has-text-align-left\"><strong>Para birimi:<\/strong> Euro (EUR)<\/p>\n<\/div>\n\n\n\n<div class=\"wp-block-column is-layout-flow wp-block-column-is-layout-flow\">\n<p class=\"has-text-align-center\"><strong>Ekonomik Genel Bak\u0131\u015f<\/strong><\/p>\n\n\n\n<p><strong>Cari fiyatlarla GSY\u0130H (2023):<\/strong> 40,3 milyar avro<\/p>\n\n\n\n<p><strong>Ki\u015fi ba\u015f\u0131na GSY\u0130H (2023):<\/strong> 21 424 avro<\/p>\n\n\n\n<p><strong>GSY\u0130H b\u00fcy\u00fcmesi (2023):<\/strong> -0,3%<\/p>\n\n\n\n<p><strong>GSY\u0130H b\u00fcy\u00fcme tahmini (2024): <\/strong>2,0%<\/p>\n\n\n\n<p><strong>Enflasyon oran\u0131 (2023):<\/strong> 8,9%<\/p>\n\n\n\n<p><strong>K\u00fcm\u00fclatif FDI (2023):  <\/strong>24,5 milyar avro<\/p>\n\n\n\n<p><strong>Kredi notlar\u0131 (Standard &amp; Poor\u2019s \/ Moody\u2019s\/ Fitch)<\/strong>: A+ \/ A3 \/ A- (yat\u0131r\u0131m notlar\u0131)<\/p>\n<\/div>\n<\/div>\n\n\n\n<figure class=\"wp-block-gallery has-nested-images columns-default is-cropped wp-block-gallery-1 is-layout-flex wp-block-gallery-is-layout-flex\">\n<figure class=\"wp-block-image size-large\"><img decoding=\"async\" width=\"1000\" height=\"668\" data-id=\"991\" src=\"https:\/\/centrus-soth.redzidigital.com\/wp-content\/uploads\/2024\/08\/ID_-3.jpg\" alt=\"\" class=\"wp-image-991\" title=\"\" srcset=\"https:\/\/centrus-soth.redzidigital.com\/wp-content\/uploads\/2024\/08\/ID_-3.jpg 1000w, https:\/\/centrus-soth.redzidigital.com\/wp-content\/uploads\/2024\/08\/ID_-3-960x641.jpg 960w, https:\/\/centrus-soth.redzidigital.com\/wp-content\/uploads\/2024\/08\/ID_-3-768x513.jpg 768w, https:\/\/centrus-soth.redzidigital.com\/wp-content\/uploads\/2024\/08\/ID_-3-480x321.jpg 480w, https:\/\/centrus-soth.redzidigital.com\/wp-content\/uploads\/2024\/08\/ID_-3-640x428.jpg 640w, https:\/\/centrus-soth.redzidigital.com\/wp-content\/uploads\/2024\/08\/ID_-3-720x481.jpg 720w\" sizes=\"(max-width: 1000px) 100vw, 1000px\" \/><\/figure>\n\n\n\n<figure class=\"wp-block-image size-large\"><img decoding=\"async\" width=\"1000\" height=\"668\" data-id=\"987\" src=\"https:\/\/centrus-soth.redzidigital.com\/wp-content\/uploads\/2024\/08\/ID_-4.jpg\" alt=\"\" class=\"wp-image-987\" title=\"\" srcset=\"https:\/\/centrus-soth.redzidigital.com\/wp-content\/uploads\/2024\/08\/ID_-4.jpg 1000w, https:\/\/centrus-soth.redzidigital.com\/wp-content\/uploads\/2024\/08\/ID_-4-960x641.jpg 960w, https:\/\/centrus-soth.redzidigital.com\/wp-content\/uploads\/2024\/08\/ID_-4-768x513.jpg 768w, https:\/\/centrus-soth.redzidigital.com\/wp-content\/uploads\/2024\/08\/ID_-4-480x321.jpg 480w, https:\/\/centrus-soth.redzidigital.com\/wp-content\/uploads\/2024\/08\/ID_-4-640x428.jpg 640w, https:\/\/centrus-soth.redzidigital.com\/wp-content\/uploads\/2024\/08\/ID_-4-720x481.jpg 720w\" sizes=\"(max-width: 1000px) 100vw, 1000px\" \/><\/figure>\n\n\n\n<figure class=\"wp-block-image size-large\"><img decoding=\"async\" width=\"1000\" height=\"668\" data-id=\"986\" src=\"https:\/\/centrus-soth.redzidigital.com\/wp-content\/uploads\/2024\/08\/ID_-6.jpg\" alt=\"\" class=\"wp-image-986\" title=\"\" srcset=\"https:\/\/centrus-soth.redzidigital.com\/wp-content\/uploads\/2024\/08\/ID_-6.jpg 1000w, https:\/\/centrus-soth.redzidigital.com\/wp-content\/uploads\/2024\/08\/ID_-6-960x641.jpg 960w, https:\/\/centrus-soth.redzidigital.com\/wp-content\/uploads\/2024\/08\/ID_-6-768x513.jpg 768w, https:\/\/centrus-soth.redzidigital.com\/wp-content\/uploads\/2024\/08\/ID_-6-480x321.jpg 480w, https:\/\/centrus-soth.redzidigital.com\/wp-content\/uploads\/2024\/08\/ID_-6-640x428.jpg 640w, https:\/\/centrus-soth.redzidigital.com\/wp-content\/uploads\/2024\/08\/ID_-6-720x481.jpg 720w\" sizes=\"(max-width: 1000px) 100vw, 1000px\" \/><\/figure>\n\n\n\n<figure class=\"wp-block-image size-large\"><img decoding=\"async\" width=\"950\" height=\"633\" data-id=\"990\" src=\"https:\/\/centrus-soth.redzidigital.com\/wp-content\/uploads\/2024\/08\/Kado_Karim_projekts_2020-7.jpg\" alt=\"\" class=\"wp-image-990\" title=\"\" srcset=\"https:\/\/centrus-soth.redzidigital.com\/wp-content\/uploads\/2024\/08\/Kado_Karim_projekts_2020-7.jpg 950w, https:\/\/centrus-soth.redzidigital.com\/wp-content\/uploads\/2024\/08\/Kado_Karim_projekts_2020-7-768x512.jpg 768w, https:\/\/centrus-soth.redzidigital.com\/wp-content\/uploads\/2024\/08\/Kado_Karim_projekts_2020-7-480x320.jpg 480w, https:\/\/centrus-soth.redzidigital.com\/wp-content\/uploads\/2024\/08\/Kado_Karim_projekts_2020-7-640x426.jpg 640w, https:\/\/centrus-soth.redzidigital.com\/wp-content\/uploads\/2024\/08\/Kado_Karim_projekts_2020-7-720x480.jpg 720w\" sizes=\"(max-width: 950px) 100vw, 950px\" \/><\/figure>\n\n\n\n<figure class=\"wp-block-image size-large\"><img decoding=\"async\" width=\"1000\" height=\"713\" data-id=\"988\" src=\"https:\/\/centrus-soth.redzidigital.com\/wp-content\/uploads\/2024\/08\/ID_-28.jpg\" alt=\"\" class=\"wp-image-988\" title=\"\" srcset=\"https:\/\/centrus-soth.redzidigital.com\/wp-content\/uploads\/2024\/08\/ID_-28.jpg 1000w, https:\/\/centrus-soth.redzidigital.com\/wp-content\/uploads\/2024\/08\/ID_-28-960x684.jpg 960w, https:\/\/centrus-soth.redzidigital.com\/wp-content\/uploads\/2024\/08\/ID_-28-768x548.jpg 768w, https:\/\/centrus-soth.redzidigital.com\/wp-content\/uploads\/2024\/08\/ID_-28-480x342.jpg 480w, https:\/\/centrus-soth.redzidigital.com\/wp-content\/uploads\/2024\/08\/ID_-28-640x456.jpg 640w, https:\/\/centrus-soth.redzidigital.com\/wp-content\/uploads\/2024\/08\/ID_-28-720x513.jpg 720w\" sizes=\"(max-width: 1000px) 100vw, 1000px\" \/><\/figure>\n\n\n\n<figure class=\"wp-block-image size-large\"><img decoding=\"async\" width=\"1250\" height=\"833\" data-id=\"989\" src=\"https:\/\/centrus-soth.redzidigital.com\/wp-content\/uploads\/2024\/08\/LS-25.jpg\" alt=\"\" class=\"wp-image-989\" title=\"\" srcset=\"https:\/\/centrus-soth.redzidigital.com\/wp-content\/uploads\/2024\/08\/LS-25.jpg 1250w, https:\/\/centrus-soth.redzidigital.com\/wp-content\/uploads\/2024\/08\/LS-25-960x640.jpg 960w, https:\/\/centrus-soth.redzidigital.com\/wp-content\/uploads\/2024\/08\/LS-25-768x512.jpg 768w, https:\/\/centrus-soth.redzidigital.com\/wp-content\/uploads\/2024\/08\/LS-25-480x320.jpg 480w, https:\/\/centrus-soth.redzidigital.com\/wp-content\/uploads\/2024\/08\/LS-25-640x426.jpg 640w, https:\/\/centrus-soth.redzidigital.com\/wp-content\/uploads\/2024\/08\/LS-25-720x480.jpg 720w, https:\/\/centrus-soth.redzidigital.com\/wp-content\/uploads\/2024\/08\/LS-25-1168x778.jpg 1168w\" sizes=\"(max-width: 1250px) 100vw, 1250px\" \/><\/figure>\n\n\n\n<figure class=\"wp-block-image size-large\"><img decoding=\"async\" width=\"1100\" height=\"734\" data-id=\"992\" src=\"https:\/\/centrus-soth.redzidigital.com\/wp-content\/uploads\/2024\/08\/ls-34-of-49.jpg\" alt=\"\" class=\"wp-image-992\" title=\"\" srcset=\"https:\/\/centrus-soth.redzidigital.com\/wp-content\/uploads\/2024\/08\/ls-34-of-49.jpg 1100w, https:\/\/centrus-soth.redzidigital.com\/wp-content\/uploads\/2024\/08\/ls-34-of-49-960x641.jpg 960w, https:\/\/centrus-soth.redzidigital.com\/wp-content\/uploads\/2024\/08\/ls-34-of-49-768x512.jpg 768w, https:\/\/centrus-soth.redzidigital.com\/wp-content\/uploads\/2024\/08\/ls-34-of-49-480x320.jpg 480w, https:\/\/centrus-soth.redzidigital.com\/wp-content\/uploads\/2024\/08\/ls-34-of-49-640x427.jpg 640w, https:\/\/centrus-soth.redzidigital.com\/wp-content\/uploads\/2024\/08\/ls-34-of-49-720x480.jpg 720w\" sizes=\"(max-width: 1100px) 100vw, 1100px\" \/><\/figure>\n\n\n\n<figure class=\"wp-block-image size-large\"><img decoding=\"async\" width=\"950\" height=\"634\" data-id=\"993\" src=\"https:\/\/centrus-soth.redzidigital.com\/wp-content\/uploads\/2024\/08\/Kado_Karim_projekts_2020-16.jpg\" alt=\"\" class=\"wp-image-993\" title=\"\" srcset=\"https:\/\/centrus-soth.redzidigital.com\/wp-content\/uploads\/2024\/08\/Kado_Karim_projekts_2020-16.jpg 950w, https:\/\/centrus-soth.redzidigital.com\/wp-content\/uploads\/2024\/08\/Kado_Karim_projekts_2020-16-768x513.jpg 768w, https:\/\/centrus-soth.redzidigital.com\/wp-content\/uploads\/2024\/08\/Kado_Karim_projekts_2020-16-480x320.jpg 480w, https:\/\/centrus-soth.redzidigital.com\/wp-content\/uploads\/2024\/08\/Kado_Karim_projekts_2020-16-640x427.jpg 640w, https:\/\/centrus-soth.redzidigital.com\/wp-content\/uploads\/2024\/08\/Kado_Karim_projekts_2020-16-720x481.jpg 720w\" sizes=\"(max-width: 950px) 100vw, 950px\" \/><\/figure>\n\n\n\n<figure class=\"wp-block-image size-large\"><img decoding=\"async\" width=\"1100\" height=\"734\" data-id=\"1143\" src=\"https:\/\/centrus-soth.redzidigital.com\/wp-content\/uploads\/2024\/08\/1.jpg\" alt=\"\" class=\"wp-image-1143\" title=\"\" srcset=\"https:\/\/centrus-soth.redzidigital.com\/wp-content\/uploads\/2024\/08\/1.jpg 1100w, https:\/\/centrus-soth.redzidigital.com\/wp-content\/uploads\/2024\/08\/1-960x641.jpg 960w, https:\/\/centrus-soth.redzidigital.com\/wp-content\/uploads\/2024\/08\/1-768x512.jpg 768w, https:\/\/centrus-soth.redzidigital.com\/wp-content\/uploads\/2024\/08\/1-480x320.jpg 480w, https:\/\/centrus-soth.redzidigital.com\/wp-content\/uploads\/2024\/08\/1-640x427.jpg 640w, https:\/\/centrus-soth.redzidigital.com\/wp-content\/uploads\/2024\/08\/1-720x480.jpg 720w\" sizes=\"(max-width: 1100px) 100vw, 1100px\" \/><\/figure>\n<\/figure>\n","protected":false},"excerpt":{"rendered":"<p>Resmi olarak Letonya Cumhuriyeti olarak bilinen \u00fclkemiz Kuzey Avrupa\u2019n\u0131n Balt\u0131k b\u00f6lgesinde yer alan sakl\u0131 bir hazinedir. D\u00fcnyan\u0131n en ye\u015fil ikinci [&hellip;]<\/p>\n","protected":false},"author":9,"featured_media":0,"parent":0,"menu_order":0,"comment_status":"closed","ping_status":"closed","template":"","meta":{"_acf_changed":false,"footnotes":""},"class_list":["post-4433","page","type-page","status-publish","hentry"],"acf":[],"_links":{"self":[{"href":"https:\/\/centrus-soth.redzidigital.com\/tr\/wp-json\/wp\/v2\/pages\/4433"}],"collection":[{"href":"https:\/\/centrus-soth.redzidigital.com\/tr\/wp-json\/wp\/v2\/pages"}],"about":[{"href":"https:\/\/centrus-soth.redzidigital.com\/tr\/wp-json\/wp\/v2\/types\/page"}],"author":[{"embeddable":true,"href":"https:\/\/centrus-soth.redzidigital.com\/tr\/wp-json\/wp\/v2\/users\/9"}],"replies":[{"embeddable":true,"href":"https:\/\/centrus-soth.redzidigital.com\/tr\/wp-json\/wp\/v2\/comments?post=4433"}],"version-history":[{"count":1,"href":"https:\/\/centrus-soth.redzidigital.com\/tr\/wp-json\/wp\/v2\/pages\/4433\/revisions"}],"predecessor-version":[{"id":4434,"href":"https:\/\/centrus-soth.redzidigital.com\/tr\/wp-json\/wp\/v2\/pages\/4433\/revisions\/4434"}],"wp:attachment":[{"href":"https:\/\/centrus-soth.redzidigital.com\/tr\/wp-json\/wp\/v2\/media?parent=4433"}],"curies":[{"name":"wp","href":"https:\/\/api.w.org\/{rel}","templated":true}]}}