{"id":4416,"date":"2024-08-07T12:25:01","date_gmt":"2024-08-07T09:25:01","guid":{"rendered":"https:\/\/centrus-soth.redzidigital.com\/?page_id=4416"},"modified":"2025-03-18T16:34:57","modified_gmt":"2025-03-18T14:34:57","slug":"gerekli-belgeler","status":"publish","type":"page","link":"https:\/\/centrus-soth.redzidigital.com\/tr\/gerekli-belgeler\/","title":{"rendered":"GEREKLI BELGELER"},"content":{"rendered":"\n<div class=\"wp-block-media-text has-media-on-the-right is-stacked-on-mobile\"><div class=\"wp-block-media-text__content\">\n<p>Letonya\u2019da gayrimenkul sat\u0131n alarak Ge\u00e7ici Oturma \u0130zni (TRP) ba\u015fvurusunda bulunmak i\u00e7in bir dizi belgenin haz\u0131rlanmas\u0131 gerekir.<\/p>\n\n\n\n<p>Gereklilikleri a\u015fa\u011f\u0131da bulabilirsiniz.<\/p>\n<\/div><figure class=\"wp-block-media-text__media\"><img decoding=\"async\" width=\"1920\" height=\"1076\" src=\"https:\/\/centrus-soth.redzidigital.com\/wp-content\/uploads\/2024\/08\/vecteezy_ai-generated-neat-and-tidy-gymnasium-bleachers-for-a_41409897-2-1920x1076.jpeg\" alt=\"\" class=\"wp-image-798 size-full\" title=\"\" srcset=\"https:\/\/centrus-soth.redzidigital.com\/wp-content\/uploads\/2024\/08\/vecteezy_ai-generated-neat-and-tidy-gymnasium-bleachers-for-a_41409897-2-1920x1076.jpeg 1920w, https:\/\/centrus-soth.redzidigital.com\/wp-content\/uploads\/2024\/08\/vecteezy_ai-generated-neat-and-tidy-gymnasium-bleachers-for-a_41409897-2-960x538.jpeg 960w, https:\/\/centrus-soth.redzidigital.com\/wp-content\/uploads\/2024\/08\/vecteezy_ai-generated-neat-and-tidy-gymnasium-bleachers-for-a_41409897-2-768x430.jpeg 768w, https:\/\/centrus-soth.redzidigital.com\/wp-content\/uploads\/2024\/08\/vecteezy_ai-generated-neat-and-tidy-gymnasium-bleachers-for-a_41409897-2-1536x861.jpeg 1536w, https:\/\/centrus-soth.redzidigital.com\/wp-content\/uploads\/2024\/08\/vecteezy_ai-generated-neat-and-tidy-gymnasium-bleachers-for-a_41409897-2-2048x1148.jpeg 2048w, https:\/\/centrus-soth.redzidigital.com\/wp-content\/uploads\/2024\/08\/vecteezy_ai-generated-neat-and-tidy-gymnasium-bleachers-for-a_41409897-2-480x269.jpeg 480w, https:\/\/centrus-soth.redzidigital.com\/wp-content\/uploads\/2024\/08\/vecteezy_ai-generated-neat-and-tidy-gymnasium-bleachers-for-a_41409897-2-640x359.jpeg 640w, https:\/\/centrus-soth.redzidigital.com\/wp-content\/uploads\/2024\/08\/vecteezy_ai-generated-neat-and-tidy-gymnasium-bleachers-for-a_41409897-2-720x404.jpeg 720w, https:\/\/centrus-soth.redzidigital.com\/wp-content\/uploads\/2024\/08\/vecteezy_ai-generated-neat-and-tidy-gymnasium-bleachers-for-a_41409897-2-1168x655.jpeg 1168w, https:\/\/centrus-soth.redzidigital.com\/wp-content\/uploads\/2024\/08\/vecteezy_ai-generated-neat-and-tidy-gymnasium-bleachers-for-a_41409897-2-1440x807.jpeg 1440w\" sizes=\"(max-width: 1920px) 100vw, 1920px\" \/><\/figure><\/div>\n\n\n\n<h3 class=\"wp-block-heading has-medium-font-size\">GAYR\u0130MENKUL ALIMININ KANITI<\/h3>\n\n\n\n<ul class=\"wp-block-list\">\n<li>Gayrimenkul sat\u0131n al\u0131m\u0131n\u0131 kan\u0131tlayan belgeler, \u00f6rne\u011fin sat\u0131n alma s\u00f6zle\u015fmesi.<\/li>\n\n\n\n<li>M\u00fclk\u00fcn yasal sahibi oldu\u011funuzu do\u011frulayan Tapu Sicil belgesi.<\/li>\n\n\n\n<li>M\u00fclk de\u011ferinin kan\u0131t\u0131 ve tam sat\u0131n alma bedelinin \u00f6dendi\u011fine dair kan\u0131t.<\/li>\n<\/ul>\n\n\n\n<h3 class=\"wp-block-heading has-medium-font-size\">BA\u015eVURU FORMU<\/h3>\n\n\n\n<ul class=\"wp-block-list\">\n<li>Letonya Vatanda\u015fl\u0131k ve G\u00f6\u00e7 \u0130daresinden (OCMA) veya web sitelerinden edinilebilen tamamlanm\u0131\u015f ve imzalanm\u0131\u015f bir TRP ba\u015fvuru formu.<\/li>\n<\/ul>\n\n\n\n<h3 class=\"wp-block-heading has-medium-font-size\">PASAPORT<\/h3>\n\n\n\n<ul class=\"wp-block-list\">\n<li>\u0130lgili sayfalar\u0131n kopyalar\u0131n\u0131n bulundu\u011fu ge\u00e7erli bir pasaport. Pasaport, planlanan kal\u0131\u015f s\u00fcresinden en az \u00fc\u00e7 ay sonras\u0131na kadar ge\u00e7erli olmal\u0131d\u0131r.<\/li>\n<\/ul>\n\n\n\n<h3 class=\"wp-block-heading has-medium-font-size\">FOTO\u011eRAFLAR<\/h3>\n\n\n\n<ul class=\"wp-block-list\">\n<li>Letonya vizesi foto\u011fraf gereksinimlerini kar\u015f\u0131layan pasaport boyutunda foto\u011fraflar (genellikle iki adet).<\/li>\n<\/ul>\n\n\n\n<div class=\"wp-block-media-text is-stacked-on-mobile\"><figure class=\"wp-block-media-text__media\"><img decoding=\"async\" width=\"950\" height=\"634\" src=\"https:\/\/centrus-soth.redzidigital.com\/wp-content\/uploads\/2024\/08\/Kado_Karim_projekts_2020-35.jpg\" alt=\"\" class=\"wp-image-981 size-full\" title=\"\" srcset=\"https:\/\/centrus-soth.redzidigital.com\/wp-content\/uploads\/2024\/08\/Kado_Karim_projekts_2020-35.jpg 950w, https:\/\/centrus-soth.redzidigital.com\/wp-content\/uploads\/2024\/08\/Kado_Karim_projekts_2020-35-768x513.jpg 768w, https:\/\/centrus-soth.redzidigital.com\/wp-content\/uploads\/2024\/08\/Kado_Karim_projekts_2020-35-480x320.jpg 480w, https:\/\/centrus-soth.redzidigital.com\/wp-content\/uploads\/2024\/08\/Kado_Karim_projekts_2020-35-640x427.jpg 640w, https:\/\/centrus-soth.redzidigital.com\/wp-content\/uploads\/2024\/08\/Kado_Karim_projekts_2020-35-720x481.jpg 720w\" sizes=\"(max-width: 950px) 100vw, 950px\" \/><\/figure><div class=\"wp-block-media-text__content\">\n<h3 class=\"wp-block-heading has-medium-font-size\">DEVLET \u00dcCRETLER\u0130N\u0130N \u00d6DENMES\u0130<\/h3>\n\n\n\n<ul class=\"wp-block-list\">\n<li>Devlet \u00fccretinin \u00f6dendi\u011fine dair kan\u0131t (m\u00fclk de\u011ferinin %5\u2019i).<\/li>\n<\/ul>\n\n\n\n<h3 class=\"wp-block-heading has-medium-font-size\">SA\u011eLIK S\u0130GORTASI<\/h3>\n\n\n\n<ul class=\"wp-block-list\">\n<li>TRP s\u00fcresince Letonya\u2019da ge\u00e7erli sa\u011fl\u0131k sigortas\u0131 kan\u0131t\u0131. Sigorta acil t\u0131bbi bak\u0131m\u0131 kar\u015f\u0131lamal\u0131d\u0131r.<\/li>\n<\/ul>\n\n\n\n<h3 class=\"wp-block-heading has-medium-font-size\">MAL\u0130 VARLIKLARIN KANITI<\/h3>\n\n\n\n<ul class=\"wp-block-list\">\n<li>Letonya\u2019da kal\u0131\u015f\u0131n\u0131z s\u0131ras\u0131nda kendinizi ge\u00e7indirmek i\u00e7in yeterli mali kayna\u011fa sahip oldu\u011funuzu g\u00f6steren belgeler. Bunlara banka ekstreleri, gelir kan\u0131t\u0131 veya di\u011fer mali belgeler dahil olabilir.<\/li>\n<\/ul>\n<\/div><\/div>\n\n\n\n<div class=\"wp-block-media-text has-media-on-the-right is-stacked-on-mobile\"><div class=\"wp-block-media-text__content\">\n<h3 class=\"wp-block-heading has-medium-font-size\">SU\u00c7 S\u0130C\u0130L BELGES\u0130<\/h3>\n\n\n\n<ul class=\"wp-block-list\">\n<li>Kendi \u00fclkenizden veya son 5 y\u0131lda 12 aydan fazla ikamet etti\u011finiz herhangi bir \u00fclkeden al\u0131nm\u0131\u015f bir adli sicil belgesi veya su\u00e7 kayd\u0131. Bu belge Letoncaya \u00e7evrilmeli ve apostilli olmal\u0131 veya kanuni ge\u00e7erlili\u011fi olmal\u0131d\u0131r.<\/li>\n<\/ul>\n\n\n\n<h3 class=\"wp-block-heading has-medium-font-size\">KONAKLAMA KANITI<\/h3>\n\n\n\n<ul class=\"wp-block-list\">\n<li>Letonya\u2019da konaklama kan\u0131t\u0131, \u00f6rne\u011fin sat\u0131n al\u0131nan gayrimenkulde hemen ya\u015famay\u0131 planlam\u0131yorsan\u0131z kira s\u00f6zle\u015fmesi.<\/li>\n<\/ul>\n\n\n\n<h3 class=\"wp-block-heading has-medium-font-size\">VERG\u0130 \u00d6DEMELER\u0130N\u0130N KANITI<\/h3>\n\n\n\n<ul class=\"wp-block-list\">\n<li>T\u00fcm ge\u00e7erli emlak vergilerini \u00f6dedi\u011finize dair kan\u0131t.<\/li>\n<\/ul>\n<\/div><figure class=\"wp-block-media-text__media\"><img decoding=\"async\" width=\"1000\" height=\"668\" src=\"https:\/\/centrus-soth.redzidigital.com\/wp-content\/uploads\/2024\/08\/ID_-2.jpg\" alt=\"\" class=\"wp-image-982 size-full\" title=\"\" srcset=\"https:\/\/centrus-soth.redzidigital.com\/wp-content\/uploads\/2024\/08\/ID_-2.jpg 1000w, https:\/\/centrus-soth.redzidigital.com\/wp-content\/uploads\/2024\/08\/ID_-2-960x641.jpg 960w, https:\/\/centrus-soth.redzidigital.com\/wp-content\/uploads\/2024\/08\/ID_-2-768x513.jpg 768w, https:\/\/centrus-soth.redzidigital.com\/wp-content\/uploads\/2024\/08\/ID_-2-480x321.jpg 480w, https:\/\/centrus-soth.redzidigital.com\/wp-content\/uploads\/2024\/08\/ID_-2-640x428.jpg 640w, https:\/\/centrus-soth.redzidigital.com\/wp-content\/uploads\/2024\/08\/ID_-2-720x481.jpg 720w\" sizes=\"(max-width: 1000px) 100vw, 1000px\" \/><\/figure><\/div>\n\n\n\n<div class=\"wp-block-media-text is-stacked-on-mobile\"><figure class=\"wp-block-media-text__media\"><img decoding=\"async\" width=\"1280\" height=\"860\" src=\"https:\/\/centrus-soth.redzidigital.com\/wp-content\/uploads\/2024\/08\/6_original.jpg\" alt=\"\" class=\"wp-image-983 size-full\" title=\"\" srcset=\"https:\/\/centrus-soth.redzidigital.com\/wp-content\/uploads\/2024\/08\/6_original.jpg 1280w, https:\/\/centrus-soth.redzidigital.com\/wp-content\/uploads\/2024\/08\/6_original-960x645.jpg 960w, https:\/\/centrus-soth.redzidigital.com\/wp-content\/uploads\/2024\/08\/6_original-768x516.jpg 768w, https:\/\/centrus-soth.redzidigital.com\/wp-content\/uploads\/2024\/08\/6_original-480x323.jpg 480w, https:\/\/centrus-soth.redzidigital.com\/wp-content\/uploads\/2024\/08\/6_original-640x430.jpg 640w, https:\/\/centrus-soth.redzidigital.com\/wp-content\/uploads\/2024\/08\/6_original-720x484.jpg 720w, https:\/\/centrus-soth.redzidigital.com\/wp-content\/uploads\/2024\/08\/6_original-1168x785.jpg 1168w\" sizes=\"(max-width: 1280px) 100vw, 1280px\" \/><\/figure><div class=\"wp-block-media-text__content\">\n<p><\/p>\n\n\n\n<h3 class=\"wp-block-heading has-medium-font-size\">A\u0130LE \u00dcYES\u0130 BELGELER\u0130<\/h3>\n\n\n\n<ul class=\"wp-block-list\">\n<li>Aile \u00fcyeleriniz i\u00e7in TRP ba\u015fvurusunda bulunuyorsan\u0131z ek belgelere ihtiyac\u0131n\u0131z vard\u0131r:\n<ul class=\"wp-block-list\">\n<li>Evlilik c\u00fczdan\u0131 (e\u015f i\u00e7in).<\/li>\n\n\n\n<li>Do\u011fum belgeleri (\u00e7ocuklar i\u00e7in).<\/li>\n\n\n\n<li>Bu belgeler Letoncaya \u00e7evrilmeli ve apostilli olmal\u0131 veya kanuni ge\u00e7erlili\u011fi olmal\u0131d\u0131r.<\/li>\n<\/ul>\n<\/li>\n<\/ul>\n\n\n\n<h3 class=\"wp-block-heading has-medium-font-size\">B\u0130YOMETR\u0130K VER\u0130LER<\/h3>\n\n\n\n<ul class=\"wp-block-list\">\n<li>Ba\u015fvuru sahipleri ba\u015fvurular\u0131n\u0131 g\u00f6nderirken biyometrik veriler (parmak izleri ve bir foto\u011fraf) sa\u011flamal\u0131d\u0131r.<\/li>\n<\/ul>\n\n\n\n<h3 class=\"wp-block-heading has-medium-font-size\">EK BELGELER<\/h3>\n\n\n\n<ul class=\"wp-block-list\">\n<li>OCMA, bireysel ko\u015fullara ba\u011fl\u0131 olarak ek belgeler talep edebilir.<\/li>\n<\/ul>\n<\/div><\/div>\n\n\n\n<ul class=\"wp-block-list\">\n<li><strong>Terc\u00fcme ve Kanuni Ge\u00e7erlilik: <\/strong>Letonca olmayan t\u00fcm belgeler sertifikal\u0131 bir terc\u00fcman taraf\u0131ndan \u00e7evrilmelidir. Yurt d\u0131\u015f\u0131nda verilen belgeler apostilli olmal\u0131 veya kanuni ge\u00e7erlili\u011fi olmal\u0131d\u0131r.<\/li>\n\n\n\n<li><strong>Ba\u015fvuru G\u00f6nderimi: <\/strong>Ba\u015fvurunuzu Letonya\u2019daki OCMA\u2019ya veya kendi \u00fclkenizdeki Letonya b\u00fcy\u00fckel\u00e7ili\u011fine veya konsoloslu\u011funa g\u00f6nderebilirsiniz.<\/li>\n<\/ul>\n\n\n\n<h3 class=\"wp-block-heading has-medium-font-size\"><strong>\u00d6NEML\u0130!<\/strong><\/h3>\n\n\n\n<p><\/p>\n\n\n\n<p><strong><em>Ba\u015fvuru s\u00fcrecinde gecikmelerden ka\u00e7\u0131nmak i\u00e7in t\u00fcm gerekli belgeleri toplad\u0131\u011f\u0131n\u0131zdan ve bunlar\u0131n do\u011frulu\u011funu ve eksiksizli\u011fini do\u011frulad\u0131\u011f\u0131n\u0131zdan emin olun. S\u00fcreci kolayla\u015ft\u0131rmak ve t\u00fcm gerekliliklere uyumu sa\u011flamak i\u00e7in l\u00fctfen ofisimizle ileti\u015fime ge\u00e7in, ba\u015fvuru s\u00fcrecinde size profesyonel olarak yard\u0131mc\u0131 olaca\u011f\u0131z!<\/em><\/strong><\/p>\n\n\n\n<figure class=\"wp-block-gallery has-nested-images columns-default is-cropped wp-block-gallery-1 is-layout-flex wp-block-gallery-is-layout-flex\">\n<figure class=\"wp-block-image size-large\"><img decoding=\"async\" width=\"1750\" height=\"1237\" data-id=\"1264\" src=\"https:\/\/centrus-soth.redzidigital.com\/wp-content\/uploads\/2024\/08\/2018_02_06_DZ_LOFT_04_V1.jpg\" alt=\"\" class=\"wp-image-1264\" title=\"\" srcset=\"https:\/\/centrus-soth.redzidigital.com\/wp-content\/uploads\/2024\/08\/2018_02_06_DZ_LOFT_04_V1.jpg 1750w, https:\/\/centrus-soth.redzidigital.com\/wp-content\/uploads\/2024\/08\/2018_02_06_DZ_LOFT_04_V1-960x679.jpg 960w, https:\/\/centrus-soth.redzidigital.com\/wp-content\/uploads\/2024\/08\/2018_02_06_DZ_LOFT_04_V1-768x543.jpg 768w, https:\/\/centrus-soth.redzidigital.com\/wp-content\/uploads\/2024\/08\/2018_02_06_DZ_LOFT_04_V1-1536x1086.jpg 1536w, https:\/\/centrus-soth.redzidigital.com\/wp-content\/uploads\/2024\/08\/2018_02_06_DZ_LOFT_04_V1-480x339.jpg 480w, https:\/\/centrus-soth.redzidigital.com\/wp-content\/uploads\/2024\/08\/2018_02_06_DZ_LOFT_04_V1-640x452.jpg 640w, https:\/\/centrus-soth.redzidigital.com\/wp-content\/uploads\/2024\/08\/2018_02_06_DZ_LOFT_04_V1-720x509.jpg 720w, https:\/\/centrus-soth.redzidigital.com\/wp-content\/uploads\/2024\/08\/2018_02_06_DZ_LOFT_04_V1-1168x826.jpg 1168w, https:\/\/centrus-soth.redzidigital.com\/wp-content\/uploads\/2024\/08\/2018_02_06_DZ_LOFT_04_V1-1440x1018.jpg 1440w\" sizes=\"(max-width: 1750px) 100vw, 1750px\" \/><\/figure>\n\n\n\n<figure class=\"wp-block-image size-full\"><img decoding=\"async\" width=\"950\" height=\"634\" data-id=\"1267\" src=\"https:\/\/centrus-soth.redzidigital.com\/wp-content\/uploads\/2024\/08\/janissalmanis-1-of-48.jpg\" alt=\"\" class=\"wp-image-1267\" title=\"\" srcset=\"https:\/\/centrus-soth.redzidigital.com\/wp-content\/uploads\/2024\/08\/janissalmanis-1-of-48.jpg 950w, https:\/\/centrus-soth.redzidigital.com\/wp-content\/uploads\/2024\/08\/janissalmanis-1-of-48-768x513.jpg 768w, https:\/\/centrus-soth.redzidigital.com\/wp-content\/uploads\/2024\/08\/janissalmanis-1-of-48-480x320.jpg 480w, https:\/\/centrus-soth.redzidigital.com\/wp-content\/uploads\/2024\/08\/janissalmanis-1-of-48-640x427.jpg 640w, https:\/\/centrus-soth.redzidigital.com\/wp-content\/uploads\/2024\/08\/janissalmanis-1-of-48-720x481.jpg 720w\" sizes=\"(max-width: 950px) 100vw, 950px\" \/><\/figure>\n\n\n\n<figure class=\"wp-block-image size-large\"><img decoding=\"async\" width=\"1500\" height=\"1000\" data-id=\"1263\" src=\"https:\/\/centrus-soth.redzidigital.com\/wp-content\/uploads\/2024\/08\/IMG_4931-copy.jpg\" alt=\"\" class=\"wp-image-1263\" title=\"\" srcset=\"https:\/\/centrus-soth.redzidigital.com\/wp-content\/uploads\/2024\/08\/IMG_4931-copy.jpg 1500w, https:\/\/centrus-soth.redzidigital.com\/wp-content\/uploads\/2024\/08\/IMG_4931-copy-960x640.jpg 960w, https:\/\/centrus-soth.redzidigital.com\/wp-content\/uploads\/2024\/08\/IMG_4931-copy-768x512.jpg 768w, https:\/\/centrus-soth.redzidigital.com\/wp-content\/uploads\/2024\/08\/IMG_4931-copy-480x320.jpg 480w, https:\/\/centrus-soth.redzidigital.com\/wp-content\/uploads\/2024\/08\/IMG_4931-copy-640x427.jpg 640w, https:\/\/centrus-soth.redzidigital.com\/wp-content\/uploads\/2024\/08\/IMG_4931-copy-720x480.jpg 720w, https:\/\/centrus-soth.redzidigital.com\/wp-content\/uploads\/2024\/08\/IMG_4931-copy-1168x779.jpg 1168w, https:\/\/centrus-soth.redzidigital.com\/wp-content\/uploads\/2024\/08\/IMG_4931-copy-1440x960.jpg 1440w\" sizes=\"(max-width: 1500px) 100vw, 1500px\" \/><\/figure>\n\n\n\n<figure class=\"wp-block-image size-large\"><img decoding=\"async\" width=\"1500\" height=\"1000\" data-id=\"1261\" src=\"https:\/\/centrus-soth.redzidigital.com\/wp-content\/uploads\/2024\/08\/IMG_5019-copy.jpg\" alt=\"\" class=\"wp-image-1261\" title=\"\" srcset=\"https:\/\/centrus-soth.redzidigital.com\/wp-content\/uploads\/2024\/08\/IMG_5019-copy.jpg 1500w, https:\/\/centrus-soth.redzidigital.com\/wp-content\/uploads\/2024\/08\/IMG_5019-copy-960x640.jpg 960w, https:\/\/centrus-soth.redzidigital.com\/wp-content\/uploads\/2024\/08\/IMG_5019-copy-768x512.jpg 768w, https:\/\/centrus-soth.redzidigital.com\/wp-content\/uploads\/2024\/08\/IMG_5019-copy-480x320.jpg 480w, https:\/\/centrus-soth.redzidigital.com\/wp-content\/uploads\/2024\/08\/IMG_5019-copy-640x427.jpg 640w, https:\/\/centrus-soth.redzidigital.com\/wp-content\/uploads\/2024\/08\/IMG_5019-copy-720x480.jpg 720w, https:\/\/centrus-soth.redzidigital.com\/wp-content\/uploads\/2024\/08\/IMG_5019-copy-1168x779.jpg 1168w, https:\/\/centrus-soth.redzidigital.com\/wp-content\/uploads\/2024\/08\/IMG_5019-copy-1440x960.jpg 1440w\" sizes=\"(max-width: 1500px) 100vw, 1500px\" \/><\/figure>\n<\/figure>\n","protected":false},"excerpt":{"rendered":"<p>Letonya\u2019da gayrimenkul sat\u0131n alarak Ge\u00e7ici Oturma \u0130zni (TRP) ba\u015fvurusunda bulunmak i\u00e7in bir dizi belgenin haz\u0131rlanmas\u0131 gerekir. Gereklilikleri a\u015fa\u011f\u0131da bulabilirsiniz. GAYR\u0130MENKUL [&hellip;]<\/p>\n","protected":false},"author":9,"featured_media":0,"parent":0,"menu_order":0,"comment_status":"closed","ping_status":"closed","template":"","meta":{"_acf_changed":false,"footnotes":""},"class_list":["post-4416","page","type-page","status-publish","hentry"],"acf":[],"_links":{"self":[{"href":"https:\/\/centrus-soth.redzidigital.com\/tr\/wp-json\/wp\/v2\/pages\/4416"}],"collection":[{"href":"https:\/\/centrus-soth.redzidigital.com\/tr\/wp-json\/wp\/v2\/pages"}],"about":[{"href":"https:\/\/centrus-soth.redzidigital.com\/tr\/wp-json\/wp\/v2\/types\/page"}],"author":[{"embeddable":true,"href":"https:\/\/centrus-soth.redzidigital.com\/tr\/wp-json\/wp\/v2\/users\/9"}],"replies":[{"embeddable":true,"href":"https:\/\/centrus-soth.redzidigital.com\/tr\/wp-json\/wp\/v2\/comments?post=4416"}],"version-history":[{"count":1,"href":"https:\/\/centrus-soth.redzidigital.com\/tr\/wp-json\/wp\/v2\/pages\/4416\/revisions"}],"predecessor-version":[{"id":4417,"href":"https:\/\/centrus-soth.redzidigital.com\/tr\/wp-json\/wp\/v2\/pages\/4416\/revisions\/4417"}],"wp:attachment":[{"href":"https:\/\/centrus-soth.redzidigital.com\/tr\/wp-json\/wp\/v2\/media?parent=4416"}],"curies":[{"name":"wp","href":"https:\/\/api.w.org\/{rel}","templated":true}]}}