{"id":4408,"date":"2024-08-07T11:11:41","date_gmt":"2024-08-07T08:11:41","guid":{"rendered":"https:\/\/centrus-soth.redzidigital.com\/?page_id=4408"},"modified":"2025-03-18T16:26:28","modified_gmt":"2025-03-18T14:26:28","slug":"toplam-maliyetler","status":"publish","type":"page","link":"https:\/\/centrus-soth.redzidigital.com\/tr\/toplam-maliyetler\/","title":{"rendered":"TOPLAM MAL\u0130YETLER"},"content":{"rendered":"\n<p>Letonya\u2019da gayrimenkul sat\u0131n alarak ge\u00e7ici oturma izni (TRP) edinmek \u00e7e\u015fitli masraflar\u0131 i\u00e7erir. A\u015fa\u011f\u0131da Letonya\u2019da TRP almak i\u00e7in 250.000 EUR de\u011ferinde gayrimenkul sat\u0131n alman\u0131n olas\u0131 maliyetlerinin ayr\u0131nt\u0131l\u0131 bir listesi bulunmaktad\u0131r.<\/p>\n\n\n\n<p><\/p>\n\n\n\n<h2 class=\"wp-block-heading\"><strong>GAYR\u0130MENKUL ALIMI MAL\u0130YETLER\u0130:<\/strong><\/h2>\n\n\n\n<figure class=\"wp-block-table is-style-stripes\"><table class=\"has-fixed-layout\"><tbody><tr><td>Gayrimenkul\u00fcn de\u011feri<\/td><td>\u20ac 250 000<\/td><\/tr><tr><td>Kay\u0131t s\u0131ras\u0131nda damga vergisi (gayrimenkul de\u011ferinin %1,5\u2019i)<\/td><td>\u20ac 3 750<\/td><\/tr><tr><td>Kay\u0131t \u00fccreti<\/td><td>\u20ac 15<\/td><\/tr><tr><td>Noter masraflar\u0131<\/td><td>\u20ac 300<\/td><\/tr><tr><td>Emanet hesab\u0131 (bireysel banka fiyat listesine g\u00f6re)<\/td><td>ba\u015flang\u0131\u00e7 \u20ac 1 000<\/td><\/tr><tr><td><\/td><td><\/td><\/tr><\/tbody><tfoot><tr><td><strong>GAYR\u0130MENKUL ALIMI \u0130\u00c7\u0130N TOPLAM MAL\u0130YET:<\/strong><\/td><td><strong>\u20ac<\/strong> <strong>255 065<\/strong><\/td><\/tr><\/tfoot><\/table><\/figure>\n\n\n\n<p><\/p>\n\n\n\n<h2 class=\"wp-block-heading\"><strong>GE\u00c7\u0130C\u0130 OTURMA \u0130ZN\u0130 (TRP) KAYIT MAL\u0130YETLER\u0130:<\/strong><\/h2>\n\n\n\n<div class=\"wp-block-group is-vertical is-content-justification-left is-nowrap is-layout-flex wp-container-core-group-is-layout-1 wp-block-group-is-layout-flex\">\n<figure class=\"wp-block-table nowrap-price is-style-stripes\"><table class=\"has-fixed-layout\"><tbody><tr><td>Ba\u015fvuru \u00fccreti<\/td><td>\u20ac 150<\/td><\/tr><tr><td>Devlet vergisi (m\u00fclk de\u011ferinin %5\u2019i)<\/td><td>\u20ac 12 500<\/td><\/tr><tr><td>Sa\u011fl\u0131k sigortas\u0131<\/td><td>\u20ac 200<\/td><\/tr><tr><td>Yasal ve temsil \u00fccreti<\/td><td>itibaren \u20ac 5000<\/td><\/tr><tr><td>Belgelerin terc\u00fcmesi gerekebilir, maliyetler genelde \u20ac20-\u20ac30 sayfa ba\u015f\u0131nad\u0131r<\/td><td>\u20ac 500<\/td><\/tr><\/tbody><tfoot><tr><td><strong>TRP BA\u015eVURUSU \u0130\u00c7\u0130N TOPLAM MAL\u0130YET<\/strong><\/td><td><strong>\u20ac 18 350<\/strong><\/td><\/tr><\/tfoot><\/table><\/figure>\n<\/div>\n\n\n\n<p><\/p>\n\n\n\n<h3 class=\"wp-block-heading\">EK MAL\u0130YETLER<\/h3>\n\n\n\n<ul class=\"wp-block-list\">\n<li><strong>Seyahat Giderleri:<\/strong> Gayrimenkulleri g\u00f6rmek ve sat\u0131n alma i\u015flemini tamamlamak i\u00e7in Letonya\u2019ya seyahat etme maliyetleri.<\/li>\n\n\n\n<li><strong>Konaklama ve Ya\u015fam Giderleri:<\/strong> Gayrimenkul sat\u0131n alma ve TRP ba\u015fvuru s\u00fcreci i\u00e7in Letonya\u2019da kal\u0131rken ge\u00e7ici konaklama ve ya\u015fam giderleri.<\/li>\n\n\n\n<li><strong>Banka \u00dccretleri: <\/strong>Uluslararas\u0131 para transferi ve Letonya\u2019da banka hesab\u0131 a\u00e7ma ile ilgili maliyetler<\/li>\n<\/ul>\n\n\n\n<figure class=\"wp-block-gallery has-nested-images columns-default is-cropped wp-block-gallery-1 is-layout-flex wp-block-gallery-is-layout-flex\">\n<figure class=\"wp-block-image size-large\"><img decoding=\"async\" width=\"1100\" height=\"734\" data-id=\"1094\" src=\"https:\/\/centrus-soth.redzidigital.com\/wp-content\/uploads\/2024\/08\/latsir4.jpg\" alt=\"\" class=\"wp-image-1094\" title=\"\" srcset=\"https:\/\/centrus-soth.redzidigital.com\/wp-content\/uploads\/2024\/08\/latsir4.jpg 1100w, https:\/\/centrus-soth.redzidigital.com\/wp-content\/uploads\/2024\/08\/latsir4-960x641.jpg 960w, https:\/\/centrus-soth.redzidigital.com\/wp-content\/uploads\/2024\/08\/latsir4-768x512.jpg 768w, https:\/\/centrus-soth.redzidigital.com\/wp-content\/uploads\/2024\/08\/latsir4-480x320.jpg 480w, https:\/\/centrus-soth.redzidigital.com\/wp-content\/uploads\/2024\/08\/latsir4-640x427.jpg 640w, https:\/\/centrus-soth.redzidigital.com\/wp-content\/uploads\/2024\/08\/latsir4-720x480.jpg 720w\" sizes=\"(max-width: 1100px) 100vw, 1100px\" \/><\/figure>\n\n\n\n<figure class=\"wp-block-image size-large\"><img decoding=\"async\" width=\"1100\" height=\"734\" data-id=\"1099\" src=\"https:\/\/centrus-soth.redzidigital.com\/wp-content\/uploads\/2024\/08\/latsir10.jpg\" alt=\"\" class=\"wp-image-1099\" title=\"\" srcset=\"https:\/\/centrus-soth.redzidigital.com\/wp-content\/uploads\/2024\/08\/latsir10.jpg 1100w, https:\/\/centrus-soth.redzidigital.com\/wp-content\/uploads\/2024\/08\/latsir10-960x641.jpg 960w, https:\/\/centrus-soth.redzidigital.com\/wp-content\/uploads\/2024\/08\/latsir10-768x512.jpg 768w, https:\/\/centrus-soth.redzidigital.com\/wp-content\/uploads\/2024\/08\/latsir10-480x320.jpg 480w, https:\/\/centrus-soth.redzidigital.com\/wp-content\/uploads\/2024\/08\/latsir10-640x427.jpg 640w, https:\/\/centrus-soth.redzidigital.com\/wp-content\/uploads\/2024\/08\/latsir10-720x480.jpg 720w\" sizes=\"(max-width: 1100px) 100vw, 1100px\" \/><\/figure>\n\n\n\n<figure class=\"wp-block-image size-large\"><img decoding=\"async\" width=\"1100\" height=\"734\" data-id=\"1098\" src=\"https:\/\/centrus-soth.redzidigital.com\/wp-content\/uploads\/2024\/08\/latsir26.jpg\" alt=\"\" class=\"wp-image-1098\" title=\"\" srcset=\"https:\/\/centrus-soth.redzidigital.com\/wp-content\/uploads\/2024\/08\/latsir26.jpg 1100w, https:\/\/centrus-soth.redzidigital.com\/wp-content\/uploads\/2024\/08\/latsir26-960x641.jpg 960w, https:\/\/centrus-soth.redzidigital.com\/wp-content\/uploads\/2024\/08\/latsir26-768x512.jpg 768w, https:\/\/centrus-soth.redzidigital.com\/wp-content\/uploads\/2024\/08\/latsir26-480x320.jpg 480w, https:\/\/centrus-soth.redzidigital.com\/wp-content\/uploads\/2024\/08\/latsir26-640x427.jpg 640w, https:\/\/centrus-soth.redzidigital.com\/wp-content\/uploads\/2024\/08\/latsir26-720x480.jpg 720w\" sizes=\"(max-width: 1100px) 100vw, 1100px\" \/><\/figure>\n\n\n\n<figure class=\"wp-block-image size-large\"><img decoding=\"async\" width=\"1100\" height=\"734\" data-id=\"1095\" src=\"https:\/\/centrus-soth.redzidigital.com\/wp-content\/uploads\/2024\/08\/latsir38.jpg\" alt=\"\" class=\"wp-image-1095\" title=\"\" srcset=\"https:\/\/centrus-soth.redzidigital.com\/wp-content\/uploads\/2024\/08\/latsir38.jpg 1100w, https:\/\/centrus-soth.redzidigital.com\/wp-content\/uploads\/2024\/08\/latsir38-960x641.jpg 960w, https:\/\/centrus-soth.redzidigital.com\/wp-content\/uploads\/2024\/08\/latsir38-768x512.jpg 768w, https:\/\/centrus-soth.redzidigital.com\/wp-content\/uploads\/2024\/08\/latsir38-480x320.jpg 480w, https:\/\/centrus-soth.redzidigital.com\/wp-content\/uploads\/2024\/08\/latsir38-640x427.jpg 640w, https:\/\/centrus-soth.redzidigital.com\/wp-content\/uploads\/2024\/08\/latsir38-720x480.jpg 720w\" sizes=\"(max-width: 1100px) 100vw, 1100px\" \/><\/figure>\n\n\n\n<figure class=\"wp-block-image size-large\"><img decoding=\"async\" width=\"1100\" height=\"734\" data-id=\"1097\" src=\"https:\/\/centrus-soth.redzidigital.com\/wp-content\/uploads\/2024\/08\/latsir47.jpg\" alt=\"\" class=\"wp-image-1097\" title=\"\" srcset=\"https:\/\/centrus-soth.redzidigital.com\/wp-content\/uploads\/2024\/08\/latsir47.jpg 1100w, https:\/\/centrus-soth.redzidigital.com\/wp-content\/uploads\/2024\/08\/latsir47-960x641.jpg 960w, https:\/\/centrus-soth.redzidigital.com\/wp-content\/uploads\/2024\/08\/latsir47-768x512.jpg 768w, https:\/\/centrus-soth.redzidigital.com\/wp-content\/uploads\/2024\/08\/latsir47-480x320.jpg 480w, https:\/\/centrus-soth.redzidigital.com\/wp-content\/uploads\/2024\/08\/latsir47-640x427.jpg 640w, https:\/\/centrus-soth.redzidigital.com\/wp-content\/uploads\/2024\/08\/latsir47-720x480.jpg 720w\" sizes=\"(max-width: 1100px) 100vw, 1100px\" \/><\/figure>\n\n\n\n<figure class=\"wp-block-image size-large\"><img decoding=\"async\" width=\"1100\" height=\"734\" data-id=\"1096\" src=\"https:\/\/centrus-soth.redzidigital.com\/wp-content\/uploads\/2024\/08\/LS-47.jpg\" alt=\"\" class=\"wp-image-1096\" title=\"\" srcset=\"https:\/\/centrus-soth.redzidigital.com\/wp-content\/uploads\/2024\/08\/LS-47.jpg 1100w, https:\/\/centrus-soth.redzidigital.com\/wp-content\/uploads\/2024\/08\/LS-47-960x641.jpg 960w, https:\/\/centrus-soth.redzidigital.com\/wp-content\/uploads\/2024\/08\/LS-47-768x512.jpg 768w, https:\/\/centrus-soth.redzidigital.com\/wp-content\/uploads\/2024\/08\/LS-47-480x320.jpg 480w, https:\/\/centrus-soth.redzidigital.com\/wp-content\/uploads\/2024\/08\/LS-47-640x427.jpg 640w, https:\/\/centrus-soth.redzidigital.com\/wp-content\/uploads\/2024\/08\/LS-47-720x480.jpg 720w\" sizes=\"(max-width: 1100px) 100vw, 1100px\" \/><\/figure>\n<\/figure>\n","protected":false},"excerpt":{"rendered":"<p>Letonya\u2019da gayrimenkul sat\u0131n alarak ge\u00e7ici oturma izni (TRP) edinmek \u00e7e\u015fitli masraflar\u0131 i\u00e7erir. A\u015fa\u011f\u0131da Letonya\u2019da TRP almak i\u00e7in 250.000 EUR de\u011ferinde [&hellip;]<\/p>\n","protected":false},"author":9,"featured_media":0,"parent":0,"menu_order":0,"comment_status":"closed","ping_status":"closed","template":"","meta":{"_acf_changed":false,"footnotes":""},"class_list":["post-4408","page","type-page","status-publish","hentry"],"acf":[],"_links":{"self":[{"href":"https:\/\/centrus-soth.redzidigital.com\/tr\/wp-json\/wp\/v2\/pages\/4408"}],"collection":[{"href":"https:\/\/centrus-soth.redzidigital.com\/tr\/wp-json\/wp\/v2\/pages"}],"about":[{"href":"https:\/\/centrus-soth.redzidigital.com\/tr\/wp-json\/wp\/v2\/types\/page"}],"author":[{"embeddable":true,"href":"https:\/\/centrus-soth.redzidigital.com\/tr\/wp-json\/wp\/v2\/users\/9"}],"replies":[{"embeddable":true,"href":"https:\/\/centrus-soth.redzidigital.com\/tr\/wp-json\/wp\/v2\/comments?post=4408"}],"version-history":[{"count":1,"href":"https:\/\/centrus-soth.redzidigital.com\/tr\/wp-json\/wp\/v2\/pages\/4408\/revisions"}],"predecessor-version":[{"id":4409,"href":"https:\/\/centrus-soth.redzidigital.com\/tr\/wp-json\/wp\/v2\/pages\/4408\/revisions\/4409"}],"wp:attachment":[{"href":"https:\/\/centrus-soth.redzidigital.com\/tr\/wp-json\/wp\/v2\/media?parent=4408"}],"curies":[{"name":"wp","href":"https:\/\/api.w.org\/{rel}","templated":true}]}}