{"id":4395,"date":"2024-08-07T19:57:38","date_gmt":"2024-08-07T16:57:38","guid":{"rendered":"https:\/\/centrus-soth.redzidigital.com\/?page_id=4395"},"modified":"2025-03-18T16:16:31","modified_gmt":"2025-03-18T14:16:31","slug":"oturma-izni","status":"publish","type":"page","link":"https:\/\/centrus-soth.redzidigital.com\/tr\/oturma-izni\/","title":{"rendered":"OTURMA \u0130ZN\u0130"},"content":{"rendered":"\n<div class=\"wp-block-columns is-layout-flex wp-container-core-columns-is-layout-1 wp-block-columns-is-layout-flex\">\n<div class=\"wp-block-column is-layout-flow wp-block-column-is-layout-flow\">\n<div class=\"wp-block-buttons is-content-justification-center is-layout-flex wp-container-core-buttons-is-layout-1 wp-block-buttons-is-layout-flex\">\n<div class=\"wp-block-button is-style-fill\"><a class=\"wp-block-button__link has-white-color has-text-color has-background has-link-color has-text-align-center wp-element-button\" href=\"https:\/\/centrus-soth.redzidigital.com\/general-information\/\" style=\"border-radius:0px;background-color:#002349\">GENEL B\u0130LG\u0130<\/a><\/div>\n<\/div>\n<\/div>\n\n\n\n<div class=\"wp-block-column is-layout-flow wp-block-column-is-layout-flow\">\n<div class=\"wp-block-buttons is-content-justification-center is-layout-flex wp-container-core-buttons-is-layout-2 wp-block-buttons-is-layout-flex\">\n<div class=\"wp-block-button\"><a class=\"wp-block-button__link has-white-color has-text-color has-background has-link-color has-text-align-center wp-element-button\" href=\"https:\/\/centrus-soth.redzidigital.com\/total-costs\/\" style=\"border-radius:0px;background-color:#002349\">TOPLAM MAL\u0130YETLER<\/a><\/div>\n<\/div>\n<\/div>\n\n\n\n<div class=\"wp-block-column is-layout-flow wp-block-column-is-layout-flow\">\n<div class=\"wp-block-buttons is-content-justification-center is-layout-flex wp-container-core-buttons-is-layout-3 wp-block-buttons-is-layout-flex\">\n<div class=\"wp-block-button\"><a class=\"wp-block-button__link has-white-color has-text-color has-background has-link-color has-text-align-center wp-element-button\" href=\"https:\/\/centrus-soth.redzidigital.com\/documents-required\/\" style=\"border-radius:0px;background-color:#002349\">GEREKLI BELGELER<\/a><\/div>\n<\/div>\n<\/div>\n<\/div>\n\n\n\n<div class=\"wp-block-media-text is-stacked-on-mobile\"><figure class=\"wp-block-media-text__media\"><img decoding=\"async\" width=\"1000\" height=\"668\" src=\"https:\/\/centrus-soth.redzidigital.com\/wp-content\/uploads\/2024\/08\/ID_-15.jpg\" alt=\"\" class=\"wp-image-978 size-full\" title=\"\" srcset=\"https:\/\/centrus-soth.redzidigital.com\/wp-content\/uploads\/2024\/08\/ID_-15.jpg 1000w, https:\/\/centrus-soth.redzidigital.com\/wp-content\/uploads\/2024\/08\/ID_-15-960x641.jpg 960w, https:\/\/centrus-soth.redzidigital.com\/wp-content\/uploads\/2024\/08\/ID_-15-768x513.jpg 768w, https:\/\/centrus-soth.redzidigital.com\/wp-content\/uploads\/2024\/08\/ID_-15-480x321.jpg 480w, https:\/\/centrus-soth.redzidigital.com\/wp-content\/uploads\/2024\/08\/ID_-15-640x428.jpg 640w, https:\/\/centrus-soth.redzidigital.com\/wp-content\/uploads\/2024\/08\/ID_-15-720x481.jpg 720w\" sizes=\"(max-width: 1000px) 100vw, 1000px\" \/><\/figure><div class=\"wp-block-media-text__content\">\n<p>Letonya&#8217;da yat\u0131r\u0131m yoluyla oturma izinleri, s\u0131kl\u0131kla Alt\u0131n Vize program\u0131 olarak an\u0131l\u0131r, \u00fclkenin yabanc\u0131 sermaye \u00e7ekme stratejisinin \u00f6nemli bir par\u00e7as\u0131 olmu\u015ftur. A\u015fa\u011f\u0131da program hakk\u0131nda \u00f6nemli ayr\u0131nt\u0131lar ve istatistikler yer almaktad\u0131r.<\/p>\n<\/div><\/div>\n\n\n\n<div class=\"wp-block-media-text is-stacked-on-mobile\"><figure class=\"wp-block-media-text__media\"><img decoding=\"async\" width=\"1200\" height=\"800\" src=\"https:\/\/centrus-soth.redzidigital.com\/wp-content\/uploads\/2024\/08\/LS-34-1.jpg\" alt=\"\" class=\"wp-image-979 size-full\" title=\"\" srcset=\"https:\/\/centrus-soth.redzidigital.com\/wp-content\/uploads\/2024\/08\/LS-34-1.jpg 1200w, https:\/\/centrus-soth.redzidigital.com\/wp-content\/uploads\/2024\/08\/LS-34-1-960x640.jpg 960w, https:\/\/centrus-soth.redzidigital.com\/wp-content\/uploads\/2024\/08\/LS-34-1-768x512.jpg 768w, https:\/\/centrus-soth.redzidigital.com\/wp-content\/uploads\/2024\/08\/LS-34-1-480x320.jpg 480w, https:\/\/centrus-soth.redzidigital.com\/wp-content\/uploads\/2024\/08\/LS-34-1-640x427.jpg 640w, https:\/\/centrus-soth.redzidigital.com\/wp-content\/uploads\/2024\/08\/LS-34-1-720x480.jpg 720w, https:\/\/centrus-soth.redzidigital.com\/wp-content\/uploads\/2024\/08\/LS-34-1-1168x779.jpg 1168w\" sizes=\"(max-width: 1200px) 100vw, 1200px\" \/><\/figure><div class=\"wp-block-media-text__content\">\n<p>Letonya&#8217;n\u0131n Alt\u0131n Vize program\u0131, yabanc\u0131 uyruklu ki\u015filerin \u00fclkeye \u00f6nemli miktarda finansal yat\u0131r\u0131m yaparak ge\u00e7ici oturma izni (TRP) almalar\u0131na olanak sa\u011fl\u0131yor.<\/p>\n\n\n\n<p class=\"has-medium-font-size\"><strong>GAYR\u0130MENKUL YATIRIMI<\/strong><\/p>\n\n\n\n<ul class=\"wp-block-list\">\n<li>Ba\u015fvuran en az 250.000 \u20ac de\u011ferinde gayrimenkul sat\u0131n almal\u0131d\u0131r.<\/li>\n\n\n\n<li>M\u00fclk de\u011ferinin %5&#8217;i oran\u0131nda ek bir devlet \u00fccreti gereklidir.<\/li>\n<\/ul>\n<\/div><\/div>\n\n\n\n<div class=\"wp-block-media-text has-media-on-the-right is-stacked-on-mobile\"><div class=\"wp-block-media-text__content\">\n<h4 class=\"wp-block-heading has-medium-font-size\">UYRUKLAR<\/h4>\n\n\n\n<ul class=\"wp-block-list\">\n<li>Ba\u015fvuranlar\u0131n b\u00fcy\u00fck \u00e7o\u011funlu\u011fu AB d\u0131\u015f\u0131ndan, \u00f6zellikle T\u00fcrkiye, \u00c7in ve BDT (Ba\u011f\u0131ms\u0131z Devletler Toplulu\u011fu) b\u00f6lgesindeki \u00e7e\u015fitli \u00fclkelerden gelmektedir.<\/li>\n\n\n\n<li>Avrupa Birli\u011fi&#8217;ne girmek isteyen di\u011fer \u00fclkelerdeki yat\u0131r\u0131mc\u0131lar\u0131n da konuya ilgisi dikkat \u00e7ekici.<\/li>\n<\/ul>\n<\/div><figure class=\"wp-block-media-text__media\"><img decoding=\"async\" width=\"950\" height=\"633\" src=\"https:\/\/centrus-soth.redzidigital.com\/wp-content\/uploads\/2024\/08\/content-9.jpg\" alt=\"\" class=\"wp-image-1023 size-full\" title=\"\" srcset=\"https:\/\/centrus-soth.redzidigital.com\/wp-content\/uploads\/2024\/08\/content-9.jpg 950w, https:\/\/centrus-soth.redzidigital.com\/wp-content\/uploads\/2024\/08\/content-9-768x512.jpg 768w, https:\/\/centrus-soth.redzidigital.com\/wp-content\/uploads\/2024\/08\/content-9-480x320.jpg 480w, https:\/\/centrus-soth.redzidigital.com\/wp-content\/uploads\/2024\/08\/content-9-640x426.jpg 640w, https:\/\/centrus-soth.redzidigital.com\/wp-content\/uploads\/2024\/08\/content-9-720x480.jpg 720w\" sizes=\"(max-width: 950px) 100vw, 950px\" \/><\/figure><\/div>\n\n\n\n<div class=\"wp-block-media-text is-stacked-on-mobile\"><figure class=\"wp-block-media-text__media\"><img decoding=\"async\" width=\"1200\" height=\"800\" src=\"https:\/\/centrus-soth.redzidigital.com\/wp-content\/uploads\/2024\/08\/content-2-1.jpg\" alt=\"\" class=\"wp-image-1026 size-full\" title=\"\" srcset=\"https:\/\/centrus-soth.redzidigital.com\/wp-content\/uploads\/2024\/08\/content-2-1.jpg 1200w, https:\/\/centrus-soth.redzidigital.com\/wp-content\/uploads\/2024\/08\/content-2-1-960x640.jpg 960w, https:\/\/centrus-soth.redzidigital.com\/wp-content\/uploads\/2024\/08\/content-2-1-768x512.jpg 768w, https:\/\/centrus-soth.redzidigital.com\/wp-content\/uploads\/2024\/08\/content-2-1-480x320.jpg 480w, https:\/\/centrus-soth.redzidigital.com\/wp-content\/uploads\/2024\/08\/content-2-1-640x427.jpg 640w, https:\/\/centrus-soth.redzidigital.com\/wp-content\/uploads\/2024\/08\/content-2-1-720x480.jpg 720w, https:\/\/centrus-soth.redzidigital.com\/wp-content\/uploads\/2024\/08\/content-2-1-1168x779.jpg 1168w\" sizes=\"(max-width: 1200px) 100vw, 1200px\" \/><\/figure><div class=\"wp-block-media-text__content\">\n<h3 class=\"wp-block-heading has-medium-font-size\">SON \u0130STAT\u0130ST\u0130KLER<\/h3>\n\n\n\n<ul class=\"wp-block-list\">\n<li><strong>2020-2022:<\/strong> Yat\u0131r\u0131m yoluyla verilen oturma izni say\u0131s\u0131 y\u0131ll\u0131k birka\u00e7 y\u00fcz civar\u0131nda olmu\u015ftur.<\/li>\n\n\n\n<li><strong>Yat\u0131r\u0131m Da\u011f\u0131l\u0131m\u0131:<\/strong> Yat\u0131r\u0131ma dayal\u0131 oturma izinlerinin b\u00fcy\u00fck \u00e7o\u011funlu\u011fu h\u00e2l\u00e2 gayrimenkul sat\u0131n al\u0131mlar\u0131 yoluyla verilmekte olup, bunu ticari ve finansal yat\u0131r\u0131mlar takip etmektedir.<\/li>\n<\/ul>\n<\/div><\/div>\n","protected":false},"excerpt":{"rendered":"<p>Letonya&#8217;da yat\u0131r\u0131m yoluyla oturma izinleri, s\u0131kl\u0131kla Alt\u0131n Vize program\u0131 olarak an\u0131l\u0131r, \u00fclkenin yabanc\u0131 sermaye \u00e7ekme stratejisinin \u00f6nemli bir par\u00e7as\u0131 olmu\u015ftur. [&hellip;]<\/p>\n","protected":false},"author":9,"featured_media":0,"parent":0,"menu_order":0,"comment_status":"closed","ping_status":"closed","template":"","meta":{"_acf_changed":false,"footnotes":""},"class_list":["post-4395","page","type-page","status-publish","hentry"],"acf":[],"_links":{"self":[{"href":"https:\/\/centrus-soth.redzidigital.com\/tr\/wp-json\/wp\/v2\/pages\/4395"}],"collection":[{"href":"https:\/\/centrus-soth.redzidigital.com\/tr\/wp-json\/wp\/v2\/pages"}],"about":[{"href":"https:\/\/centrus-soth.redzidigital.com\/tr\/wp-json\/wp\/v2\/types\/page"}],"author":[{"embeddable":true,"href":"https:\/\/centrus-soth.redzidigital.com\/tr\/wp-json\/wp\/v2\/users\/9"}],"replies":[{"embeddable":true,"href":"https:\/\/centrus-soth.redzidigital.com\/tr\/wp-json\/wp\/v2\/comments?post=4395"}],"version-history":[{"count":1,"href":"https:\/\/centrus-soth.redzidigital.com\/tr\/wp-json\/wp\/v2\/pages\/4395\/revisions"}],"predecessor-version":[{"id":4396,"href":"https:\/\/centrus-soth.redzidigital.com\/tr\/wp-json\/wp\/v2\/pages\/4395\/revisions\/4396"}],"wp:attachment":[{"href":"https:\/\/centrus-soth.redzidigital.com\/tr\/wp-json\/wp\/v2\/media?parent=4395"}],"curies":[{"name":"wp","href":"https:\/\/api.w.org\/{rel}","templated":true}]}}