{"id":4376,"date":"2024-08-05T15:00:04","date_gmt":"2024-08-05T12:00:04","guid":{"rendered":"https:\/\/centrus-soth.redzidigital.com\/?page_id=4376"},"modified":"2025-03-20T23:07:47","modified_gmt":"2025-03-20T21:07:47","slug":"gayrimenkuller","status":"publish","type":"page","link":"https:\/\/centrus-soth.redzidigital.com\/tr\/gayrimenkuller\/","title":{"rendered":"GAYRIMENKULLER"},"content":{"rendered":"\n<p>A\u015fa\u011f\u0131da AB\u2019de alt\u0131n vize\/Letonya\u2019da oturma izni alma gerekliliklerini kar\u015f\u0131layan gayrimenkulleri bulabilir veya Letonya\u2019da listelenen t\u00fcm gayrimenkullerimizi g\u00f6r\u00fcnt\u00fclemek i\u00e7in Latvia Sotheby\u2019s International Realty ana sayfas\u0131n\u0131 ziyaret edebilirsiniz &#8211; <a href=\"https:\/\/latviasothebysrealty.com\/en\/properties\/?clear=true\" target=\"_blank\" rel=\"noopener\">BURAYA TIKLAYIN<\/a><\/p>\n","protected":false},"excerpt":{"rendered":"<p>A\u015fa\u011f\u0131da AB\u2019de alt\u0131n vize\/Letonya\u2019da oturma izni alma gerekliliklerini kar\u015f\u0131layan gayrimenkulleri bulabilir veya Letonya\u2019da listelenen t\u00fcm gayrimenkullerimizi g\u00f6r\u00fcnt\u00fclemek i\u00e7in Latvia Sotheby\u2019s [&hellip;]<\/p>\n","protected":false},"author":3,"featured_media":0,"parent":0,"menu_order":0,"comment_status":"closed","ping_status":"closed","template":"","meta":{"_acf_changed":false,"footnotes":""},"class_list":["post-4376","page","type-page","status-publish","hentry"],"acf":[],"_links":{"self":[{"href":"https:\/\/centrus-soth.redzidigital.com\/tr\/wp-json\/wp\/v2\/pages\/4376"}],"collection":[{"href":"https:\/\/centrus-soth.redzidigital.com\/tr\/wp-json\/wp\/v2\/pages"}],"about":[{"href":"https:\/\/centrus-soth.redzidigital.com\/tr\/wp-json\/wp\/v2\/types\/page"}],"author":[{"embeddable":true,"href":"https:\/\/centrus-soth.redzidigital.com\/tr\/wp-json\/wp\/v2\/users\/3"}],"replies":[{"embeddable":true,"href":"https:\/\/centrus-soth.redzidigital.com\/tr\/wp-json\/wp\/v2\/comments?post=4376"}],"version-history":[{"count":3,"href":"https:\/\/centrus-soth.redzidigital.com\/tr\/wp-json\/wp\/v2\/pages\/4376\/revisions"}],"predecessor-version":[{"id":4380,"href":"https:\/\/centrus-soth.redzidigital.com\/tr\/wp-json\/wp\/v2\/pages\/4376\/revisions\/4380"}],"wp:attachment":[{"href":"https:\/\/centrus-soth.redzidigital.com\/tr\/wp-json\/wp\/v2\/media?parent=4376"}],"curies":[{"name":"wp","href":"https:\/\/api.w.org\/{rel}","templated":true}]}}