{"id":4363,"date":"2023-10-13T17:27:55","date_gmt":"2023-10-13T14:27:55","guid":{"rendered":"https:\/\/centrus-soth.redzidigital.com\/contact\/"},"modified":"2025-08-26T11:57:02","modified_gmt":"2025-08-26T08:57:02","slug":"contact","status":"publish","type":"page","link":"https:\/\/centrus-soth.redzidigital.com\/tr\/contact\/","title":{"rendered":"B\u0130Z\u0130MLE \u0130LET\u0130\u015e\u0130ME GE\u00c7\u0130N"},"content":{"rendered":"\n<p>Letonya\u2019da oturma izni ve Alt\u0131n Vize Hizmeti ile ilgili herhangi bir sorunuz varsa l\u00fctfen Latvia Sotheby\u2019s International Realty Sat\u0131\u015f Uzman\u0131 ile ileti\u015fime ge\u00e7in:<\/p>\n","protected":false},"excerpt":{"rendered":"<p>Letonya\u2019da oturma izni ve Alt\u0131n Vize Hizmeti ile ilgili herhangi bir sorunuz varsa l\u00fctfen Latvia Sotheby\u2019s International Realty Sat\u0131\u015f Uzman\u0131 [&hellip;]<\/p>\n","protected":false},"author":1,"featured_media":6722,"parent":0,"menu_order":0,"comment_status":"closed","ping_status":"closed","template":"","meta":{"_acf_changed":false,"footnotes":""},"class_list":["post-4363","page","type-page","status-publish","has-post-thumbnail","hentry"],"acf":[],"_links":{"self":[{"href":"https:\/\/centrus-soth.redzidigital.com\/tr\/wp-json\/wp\/v2\/pages\/4363"}],"collection":[{"href":"https:\/\/centrus-soth.redzidigital.com\/tr\/wp-json\/wp\/v2\/pages"}],"about":[{"href":"https:\/\/centrus-soth.redzidigital.com\/tr\/wp-json\/wp\/v2\/types\/page"}],"author":[{"embeddable":true,"href":"https:\/\/centrus-soth.redzidigital.com\/tr\/wp-json\/wp\/v2\/users\/1"}],"replies":[{"embeddable":true,"href":"https:\/\/centrus-soth.redzidigital.com\/tr\/wp-json\/wp\/v2\/comments?post=4363"}],"version-history":[{"count":4,"href":"https:\/\/centrus-soth.redzidigital.com\/tr\/wp-json\/wp\/v2\/pages\/4363\/revisions"}],"predecessor-version":[{"id":4899,"href":"https:\/\/centrus-soth.redzidigital.com\/tr\/wp-json\/wp\/v2\/pages\/4363\/revisions\/4899"}],"wp:featuredmedia":[{"embeddable":true,"href":"https:\/\/centrus-soth.redzidigital.com\/tr\/wp-json\/wp\/v2\/media\/6722"}],"wp:attachment":[{"href":"https:\/\/centrus-soth.redzidigital.com\/tr\/wp-json\/wp\/v2\/media?parent=4363"}],"curies":[{"name":"wp","href":"https:\/\/api.w.org\/{rel}","templated":true}]}}