{"id":6727,"date":"2026-04-09T09:54:41","date_gmt":"2026-04-09T06:54:41","guid":{"rendered":"https:\/\/centrus-soth.redzidigital.com\/contact-copy\/"},"modified":"2026-05-13T15:40:47","modified_gmt":"2026-05-13T12:40:47","slug":"client-event-14-05","status":"publish","type":"page","link":"https:\/\/centrus-soth.redzidigital.com\/ka\/client-event-14-05\/","title":{"rendered":"ISTANBUL 14.05"},"content":{"rendered":"\n<p class=\"has-text-align-center\"><strong>Exclusive private event in Istanbul | Limited seats<\/strong><\/p>\n\n\n\n<p class=\"has-text-align-center\"><strong>Golden Visa <\/strong> | <strong>Residency by investment in Europe<\/strong><\/p>\n\n\n\n<div class=\"wp-block-media-text is-stacked-on-mobile\"><figure class=\"wp-block-media-text__media\"><img decoding=\"async\" width=\"1536\" height=\"1920\" src=\"https:\/\/centrus-soth.redzidigital.com\/wp-content\/uploads\/2026\/04\/Page-007-2-1536x1920.png\" alt=\"\" class=\"wp-image-6936 size-full\" title=\"\" srcset=\"https:\/\/centrus-soth.redzidigital.com\/wp-content\/uploads\/2026\/04\/Page-007-2-1536x1920.png 1536w, https:\/\/centrus-soth.redzidigital.com\/wp-content\/uploads\/2026\/04\/Page-007-2-768x960.png 768w, https:\/\/centrus-soth.redzidigital.com\/wp-content\/uploads\/2026\/04\/Page-007-2-1229x1536.png 1229w, https:\/\/centrus-soth.redzidigital.com\/wp-content\/uploads\/2026\/04\/Page-007-2-1638x2048.png 1638w, https:\/\/centrus-soth.redzidigital.com\/wp-content\/uploads\/2026\/04\/Page-007-2-480x600.png 480w, https:\/\/centrus-soth.redzidigital.com\/wp-content\/uploads\/2026\/04\/Page-007-2-640x800.png 640w, https:\/\/centrus-soth.redzidigital.com\/wp-content\/uploads\/2026\/04\/Page-007-2-720x900.png 720w, https:\/\/centrus-soth.redzidigital.com\/wp-content\/uploads\/2026\/04\/Page-007-2-960x1200.png 960w, https:\/\/centrus-soth.redzidigital.com\/wp-content\/uploads\/2026\/04\/Page-007-2-1168x1460.png 1168w, https:\/\/centrus-soth.redzidigital.com\/wp-content\/uploads\/2026\/04\/Page-007-2-1440x1800.png 1440w, https:\/\/centrus-soth.redzidigital.com\/wp-content\/uploads\/2026\/04\/Page-007-2-1920x2400.png 1920w\" sizes=\"(max-width: 1536px) 100vw, 1536px\" \/><\/figure><div class=\"wp-block-media-text__content\">\n<p><\/p>\n\n\n\n<p class=\"has-text-align-center\"><strong>Latvia Sotheby\u2019s International Realty<\/strong><\/p>\n\n\n\n<p class=\"has-text-align-center\"> invites you to an exclusive client event in Istanbul to explore Golden Visa opportunities in Latvia.<\/p>\n\n\n\n<p class=\"has-text-align-center\">Gain insights into the Latvia&#8217;s real estate market and economy, learn about the residency-by-investment process, and discover a curated selection of properties available in 2026.<\/p>\n<\/div><\/div>\n\n\n\n<p class=\"has-text-align-center\"><\/p>\n\n\n\n<h2 class=\"wp-block-heading has-text-align-center\"><strong>Opera Hotel Bosphorus, Istanbul<em><br><\/em><\/strong><\/h2>\n\n\n\n<h2 class=\"wp-block-heading has-text-align-center\"><strong>14 May 2026 at 13:00<\/strong><\/h2>\n\n\n\n<p class=\"has-text-align-center\"><\/p>\n\n\n\n<p class=\"has-text-align-center\"><strong>Discover how a strategic real estate investment from EUR 250,000 can secure your European residence permit.<\/strong><\/p>\n\n\n\n<p class=\"has-text-align-center\"><strong>Reserve your seat now!<\/strong><\/p>\n\n\n\n<div class=\"wp-block-columns alignfull event-section is-layout-flex wp-container-core-columns-is-layout-1 wp-block-columns-is-layout-flex\">\n<div class=\"wp-block-column is-layout-flow wp-block-column-is-layout-flow\">\n<iframe src=\"https:\/\/www.google.com\/maps\/embed?pb=!1m18!1m12!1m3!1d5011.877268798003!2d28.988052577246425!3d41.03668551767327!2m3!1f0!2f0!3f0!3m2!1i1024!2i768!4f13.1!3m3!1m2!1s0x14cab72e28af8a7d%3A0xf9cd40cc363e7d15!2sOpera%20Hotel%20Bosphorus!5e1!3m2!1sen!2slv!4v1776324473145!5m2!1sen!2slv\" width=\"100%\" min-height=\"500px\" height=\"100%\" style=\"border:0;\" allowfullscreen=\"\" loading=\"lazy\" referrerpolicy=\"no-referrer-when-downgrade\"><\/iframe>\n<\/div>\n\n\n\n<div class=\"wp-block-column is-layout-flow wp-block-column-is-layout-flow\">\n<h2 class=\"wp-block-heading\"><a target=\"_blank\" rel=\"noreferrer noopener\" href=\"https:\/\/maps.google.com\/maps?ll=41.036613,28.990732&amp;z=15&amp;t=m&amp;hl=en-GB&amp;gl=US&amp;mapclient=apiv3\"><\/a><\/h2>\n\n\n\n<p><a href=\"http:\/\/google.com\/maps\/place\/Opera+Hotel+Bosphorus\/@41.0366815,28.9880526,871m\/data=!3m2!1e3!4b1!4m9!3m8!1s0x14cab72e28af8a7d:0xf9cd40cc363e7d15!5m2!4m1!1i2!8m2!3d41.0366815!4d28.9906275!16s%2Fg%2F1td0kb9p?entry=ttu&amp;g_ep=EgoyMDI2MDQxNC4wIKXMDSoASAFQAw%3D%3D\" target=\"_blank\" rel=\"noopener\">\u00d6mer Avni, G\u00fcm\u00fc\u015fsuyu, \u0130n\u00f6n\u00fc Cd. No:26, 34427 Beyo\u011flu\/\u0130stanbul, T\u00fcrkiye<\/a><\/p>\n\n\n\n<p><strong>Opera Hotel Bosphorus<\/strong><\/p>\n\n\n\n<p><\/p>\n\n\n\n<h2 class=\"wp-block-heading\">Register for private client event on May 14, 2026:<\/h2>\n\n\n\n<div style=\"height:20px\" aria-hidden=\"true\" class=\"wp-block-spacer\"><\/div>\n\n\n<form action=\"https:\/\/centrus-soth.redzidigital.com\/ka\/wp-json\/ws-form\/v1\/submit\" class=\"wsf-form wsf-form-canvas event-form\" id=\"ws-form-1\" data-id=\"6\" data-instance-id=\"1\" method=\"POST\"><\/form>\n\n\n<p><\/p>\n<\/div>\n<\/div>\n\n\n\n<p class=\"has-text-align-center\">If you are unable to attend, please contact our team &#8211; we would be delighted to arrange a more convenient time for you.<\/p>\n\n\n\n<div style=\"height:0px\" aria-hidden=\"true\" class=\"wp-block-spacer\"><\/div>\n\n\n\n<div class=\"wp-block-columns is-layout-flex wp-container-core-columns-is-layout-2 wp-block-columns-is-layout-flex\">\n<div class=\"wp-block-column is-layout-flow wp-block-column-is-layout-flow\">\n<figure class=\"wp-block-image size-large\"><img decoding=\"async\" width=\"1280\" height=\"1920\" src=\"https:\/\/centrus-soth.redzidigital.com\/wp-content\/uploads\/2026\/04\/DSC07776-Edit_websize-1280x1920.jpg\" alt=\"\" class=\"wp-image-6825\" title=\"\" srcset=\"https:\/\/centrus-soth.redzidigital.com\/wp-content\/uploads\/2026\/04\/DSC07776-Edit_websize-1280x1920.jpg 1280w, https:\/\/centrus-soth.redzidigital.com\/wp-content\/uploads\/2026\/04\/DSC07776-Edit_websize-640x960.jpg 640w, https:\/\/centrus-soth.redzidigital.com\/wp-content\/uploads\/2026\/04\/DSC07776-Edit_websize-768x1152.jpg 768w, https:\/\/centrus-soth.redzidigital.com\/wp-content\/uploads\/2026\/04\/DSC07776-Edit_websize-1024x1536.jpg 1024w, https:\/\/centrus-soth.redzidigital.com\/wp-content\/uploads\/2026\/04\/DSC07776-Edit_websize-480x720.jpg 480w, https:\/\/centrus-soth.redzidigital.com\/wp-content\/uploads\/2026\/04\/DSC07776-Edit_websize-720x1080.jpg 720w, https:\/\/centrus-soth.redzidigital.com\/wp-content\/uploads\/2026\/04\/DSC07776-Edit_websize-960x1440.jpg 960w, https:\/\/centrus-soth.redzidigital.com\/wp-content\/uploads\/2026\/04\/DSC07776-Edit_websize-1168x1752.jpg 1168w, https:\/\/centrus-soth.redzidigital.com\/wp-content\/uploads\/2026\/04\/DSC07776-Edit_websize.jpg 1365w\" sizes=\"(max-width: 1280px) 100vw, 1280px\" \/><\/figure>\n\n\n\n<p class=\"has-medium-font-size\"><strong>Gabriela Grinberga<\/strong><\/p>\n\n\n\n<p>Sales &amp; Partner Relationship Associate<br><a href=\"tel:+371 20 201 654\">+371 20 201 654<\/a><br><a href=\"tel:+371 29 171 747\">+371 29 171 747<\/a><br><a href=\"mailto:gabriela.grinberga@latviasir.com\">gabriela.grinberga@latviasir.com<\/a><\/p>\n<\/div>\n\n\n\n<div class=\"wp-block-column is-layout-flow wp-block-column-is-layout-flow\">\n<figure class=\"wp-block-image size-image-640 is-resized\"><img decoding=\"async\" width=\"640\" height=\"960\" src=\"https:\/\/centrus-soth.redzidigital.com\/wp-content\/uploads\/2026\/04\/untitled-56_websize-640x960.jpg\" alt=\"\" class=\"wp-image-6820\" style=\"width:374px;height:auto\" title=\"\" srcset=\"https:\/\/centrus-soth.redzidigital.com\/wp-content\/uploads\/2026\/04\/untitled-56_websize-640x960.jpg 640w, https:\/\/centrus-soth.redzidigital.com\/wp-content\/uploads\/2026\/04\/untitled-56_websize-1280x1920.jpg 1280w, https:\/\/centrus-soth.redzidigital.com\/wp-content\/uploads\/2026\/04\/untitled-56_websize-768x1152.jpg 768w, https:\/\/centrus-soth.redzidigital.com\/wp-content\/uploads\/2026\/04\/untitled-56_websize-1024x1536.jpg 1024w, https:\/\/centrus-soth.redzidigital.com\/wp-content\/uploads\/2026\/04\/untitled-56_websize-480x720.jpg 480w, https:\/\/centrus-soth.redzidigital.com\/wp-content\/uploads\/2026\/04\/untitled-56_websize-720x1080.jpg 720w, https:\/\/centrus-soth.redzidigital.com\/wp-content\/uploads\/2026\/04\/untitled-56_websize-960x1440.jpg 960w, https:\/\/centrus-soth.redzidigital.com\/wp-content\/uploads\/2026\/04\/untitled-56_websize-1168x1752.jpg 1168w, https:\/\/centrus-soth.redzidigital.com\/wp-content\/uploads\/2026\/04\/untitled-56_websize.jpg 1365w\" sizes=\"(max-width: 640px) 100vw, 640px\" \/><\/figure>\n\n\n\n<p class=\"has-medium-font-size\"><strong>Agris Jakobsons<\/strong><\/p>\n\n\n\n<p>Sales Associate<br><a href=\"tel:+371 20 201 604\">+371 29 262 604<\/a><br><a href=\"tel:+371 29 171 747\">+371 29 171 747<\/a><br><a href=\"mailto:agris.jakobsons@latviasir.com\">agris.jakobsons@latviasir.com<\/a><\/p>\n<\/div>\n<\/div>\n","protected":false},"excerpt":{"rendered":"<p>Exclusive private event in Istanbul | Limited seats Golden Visa | Residency by investment in Europe Latvia Sotheby\u2019s International Realty [&hellip;]<\/p>\n","protected":false},"author":6,"featured_media":6719,"parent":0,"menu_order":0,"comment_status":"closed","ping_status":"closed","template":"","meta":{"_acf_changed":false,"footnotes":""},"class_list":["post-6727","page","type-page","status-publish","has-post-thumbnail","hentry"],"acf":[],"_links":{"self":[{"href":"https:\/\/centrus-soth.redzidigital.com\/ka\/wp-json\/wp\/v2\/pages\/6727"}],"collection":[{"href":"https:\/\/centrus-soth.redzidigital.com\/ka\/wp-json\/wp\/v2\/pages"}],"about":[{"href":"https:\/\/centrus-soth.redzidigital.com\/ka\/wp-json\/wp\/v2\/types\/page"}],"author":[{"embeddable":true,"href":"https:\/\/centrus-soth.redzidigital.com\/ka\/wp-json\/wp\/v2\/users\/6"}],"replies":[{"embeddable":true,"href":"https:\/\/centrus-soth.redzidigital.com\/ka\/wp-json\/wp\/v2\/comments?post=6727"}],"version-history":[{"count":80,"href":"https:\/\/centrus-soth.redzidigital.com\/ka\/wp-json\/wp\/v2\/pages\/6727\/revisions"}],"predecessor-version":[{"id":6943,"href":"https:\/\/centrus-soth.redzidigital.com\/ka\/wp-json\/wp\/v2\/pages\/6727\/revisions\/6943"}],"wp:featuredmedia":[{"embeddable":true,"href":"https:\/\/centrus-soth.redzidigital.com\/ka\/wp-json\/wp\/v2\/media\/6719"}],"wp:attachment":[{"href":"https:\/\/centrus-soth.redzidigital.com\/ka\/wp-json\/wp\/v2\/media?parent=6727"}],"curies":[{"name":"wp","href":"https:\/\/api.w.org\/{rel}","templated":true}]}}